{"id":277,"date":"2025-01-15T15:42:59","date_gmt":"2025-01-15T14:42:59","guid":{"rendered":"https:\/\/orh.art\/?page_id=277"},"modified":"2025-06-04T13:20:39","modified_gmt":"2025-06-04T11:20:39","slug":"sylve","status":"publish","type":"page","link":"https:\/\/orh.art\/en\/sylve\/","title":{"rendered":"Sylve"},"content":{"rendered":"<div data-elementor-type=\"wp-page\" data-elementor-id=\"277\" class=\"elementor elementor-277\">\n\t\t\t\t<div class=\"elementor-element elementor-element-0edbd8f e-con-full e-flex e-con e-parent\" data-id=\"0edbd8f\" data-element_type=\"container\">\n\t\t<div class=\"elementor-element elementor-element-53ba5ef e-con-full e-flex e-con e-child\" data-id=\"53ba5ef\" data-element_type=\"container\" data-settings=\"{&quot;background_background&quot;:&quot;classic&quot;}\">\n\t\t\t\t<\/div>\n\t\t\t\t<\/div>\n\t\t<div class=\"elementor-element elementor-element-f4b1214 e-con-full e-flex e-con e-parent\" data-id=\"f4b1214\" data-element_type=\"container\">\n\t\t<div class=\"elementor-element elementor-element-abc3757 e-con-full e-flex e-con e-child\" data-id=\"abc3757\" data-element_type=\"container\">\n\t\t\t\t<div class=\"elementor-element elementor-element-d65d9a3 elementor-widget elementor-widget-text-editor\" data-id=\"d65d9a3\" data-element_type=\"widget\" data-widget_type=\"text-editor.default\">\n\t\t\t\t<div class=\"elementor-widget-container\">\n\t\t\t\t\t\t\t<p>Sylve<\/p>\t\t\t\t\t\t<\/div>\n\t\t\t\t<\/div>\n\t\t\t\t<\/div>\n\t\t<div class=\"elementor-element elementor-element-ed9e376 e-con-full e-flex e-con e-child\" data-id=\"ed9e376\" data-element_type=\"container\">\n\t\t\t\t<div class=\"elementor-element elementor-element-3ef63ea elementor-widget elementor-widget-text-editor\" data-id=\"3ef63ea\" data-element_type=\"widget\" data-widget_type=\"text-editor.default\">\n\t\t\t\t<div class=\"elementor-widget-container\">\n\t\t\t\t\t\t\t<p>On-site installation | 2023 | Eiffage Immobilier | Grenoble<\/p>\t\t\t\t\t\t<\/div>\n\t\t\t\t<\/div>\n\t\t\t\t<div class=\"elementor-element elementor-element-1a5a856 elementor-widget elementor-widget-text-editor\" data-id=\"1a5a856\" data-element_type=\"widget\" data-widget_type=\"text-editor.default\">\n\t\t\t\t<div class=\"elementor-widget-container\">\n\t\t\t\t\t\t\t<p><strong>SYLVE<\/strong> is an in-situ sculptural installation. At the heart of the building, a timeless forest stands. It bears witness to the place&#039;s union between its industrial past and its new use. An eternal guardian, married to the elements and time, SYLVE watches over it.<\/p>\t\t\t\t\t\t<\/div>\n\t\t\t\t<\/div>\n\t\t\t\t<\/div>\n\t\t\t\t<\/div>\n\t\t<div class=\"elementor-element elementor-element-72b781b e-con-full e-flex e-con e-parent\" data-id=\"72b781b\" data-element_type=\"container\">\n\t\t\t\t<div class=\"elementor-element elementor-element-bf23502 elementor-arrows-position-inside elementor-pagination-position-outside elementor-widget elementor-widget-image-carousel\" data-id=\"bf23502\" data-element_type=\"widget\" data-settings=\"{&quot;slides_to_show&quot;:&quot;3&quot;,&quot;autoplay_speed&quot;:4000,&quot;navigation&quot;:&quot;both&quot;,&quot;autoplay&quot;:&quot;yes&quot;,&quot;pause_on_hover&quot;:&quot;yes&quot;,&quot;pause_on_interaction&quot;:&quot;yes&quot;,&quot;infinite&quot;:&quot;yes&quot;,&quot;speed&quot;:500,&quot;image_spacing_custom&quot;:{&quot;unit&quot;:&quot;px&quot;,&quot;size&quot;:20,&quot;sizes&quot;:[]},&quot;image_spacing_custom_tablet&quot;:{&quot;unit&quot;:&quot;px&quot;,&quot;size&quot;:&quot;&quot;,&quot;sizes&quot;:[]},&quot;image_spacing_custom_mobile&quot;:{&quot;unit&quot;:&quot;px&quot;,&quot;size&quot;:&quot;&quot;,&quot;sizes&quot;:[]}}\" data-widget_type=\"image-carousel.default\">\n\t\t\t\t<div class=\"elementor-widget-container\">\n\t\t\t\t\t<div class=\"elementor-image-carousel-wrapper swiper\" dir=\"ltr\">\n\t\t\t<div class=\"elementor-image-carousel swiper-wrapper\" aria-live=\"off\">\n\t\t\t\t\t\t\t\t<div class=\"swiper-slide\" role=\"group\" aria-roledescription=\"slide\" aria-label=\"1 of 4\"><a data-elementor-open-lightbox=\"yes\" data-elementor-lightbox-slideshow=\"bf23502\" data-elementor-lightbox-title=\"Sylve - Installation In-situ - Grenoble\" data-e-action-hash=\"#elementor-action%3Aaction%3Dlightbox%26settings%3DeyJpZCI6MjgyLCJ1cmwiOiJodHRwczpcL1wvb3JoLmFydFwvd3AtY29udGVudFwvdXBsb2Fkc1wvMjAyNVwvMDFcL09SSC1Sb2NoLVJPQkFHTElBLWFydC1pbnN0YWxsYXRpb24tU1lMVkUtNC5qcGciLCJzbGlkZXNob3ciOiJiZjIzNTAyIn0%3D\" href=\"https:\/\/orh.art\/wp-content\/uploads\/2025\/01\/ORH-Roch-ROBAGLIA-art-installation-SYLVE-4.jpg\"><figure class=\"swiper-slide-inner\"><img decoding=\"async\" class=\"swiper-slide-image\" src=\"https:\/\/orh.art\/wp-content\/uploads\/elementor\/thumbs\/ORH-Roch-ROBAGLIA-art-installation-SYLVE-4-r01qne8tcm0cm308lhn7mauainstjoibr28wx5vago.jpg\" alt=\"\" \/><\/figure><\/a><\/div><div class=\"swiper-slide\" role=\"group\" aria-roledescription=\"slide\" aria-label=\"2 out of 4\"><a data-elementor-open-lightbox=\"yes\" data-elementor-lightbox-slideshow=\"bf23502\" data-elementor-lightbox-title=\"Sylve - Installation In-situ - Grenoble\" data-e-action-hash=\"#elementor-action%3Aaction%3Dlightbox%26settings%3DeyJpZCI6MjgxLCJ1cmwiOiJodHRwczpcL1wvb3JoLmFydFwvd3AtY29udGVudFwvdXBsb2Fkc1wvMjAyNVwvMDFcL09SSC1Sb2NoLVJPQkFHTElBLWFydC1pbnN0YWxsYXRpb24tU1lMVkUtMy5qcGciLCJzbGlkZXNob3ciOiJiZjIzNTAyIn0%3D\" href=\"https:\/\/orh.art\/wp-content\/uploads\/2025\/01\/ORH-Roch-ROBAGLIA-art-installation-SYLVE-3.jpg\"><figure class=\"swiper-slide-inner\"><img decoding=\"async\" class=\"swiper-slide-image\" src=\"https:\/\/orh.art\/wp-content\/uploads\/elementor\/thumbs\/ORH-Roch-ROBAGLIA-art-installation-SYLVE-3-r01qncd4yxxryv2ywgtyhbbdbw234aav2sxxyly2t4.jpg\" alt=\"\" \/><\/figure><\/a><\/div><div class=\"swiper-slide\" role=\"group\" aria-roledescription=\"slide\" aria-label=\"3 out of 4\"><a data-elementor-open-lightbox=\"yes\" data-elementor-lightbox-slideshow=\"bf23502\" data-elementor-lightbox-title=\"Sylve - Installation In-situ - Grenoble\" data-e-action-hash=\"#elementor-action%3Aaction%3Dlightbox%26settings%3DeyJpZCI6Mjc5LCJ1cmwiOiJodHRwczpcL1wvb3JoLmFydFwvd3AtY29udGVudFwvdXBsb2Fkc1wvMjAyNVwvMDFcL09SSC1Sb2NoLVJPQkFHTElBLWFydC1pbnN0YWxsYXRpb24tU1lMVkUtMS0uanBnIiwic2xpZGVzaG93IjoiYmYyMzUwMiJ9\" href=\"https:\/\/orh.art\/wp-content\/uploads\/2025\/01\/ORH-Roch-ROBAGLIA-art-installation-SYLVE-1-.jpg\"><figure class=\"swiper-slide-inner\"><img decoding=\"async\" class=\"swiper-slide-image\" src=\"https:\/\/orh.art\/wp-content\/uploads\/elementor\/thumbs\/ORH-Roch-ROBAGLIA-art-installation-SYLVE-1--r01qn9jmeftx0172cxm2ru0zjqfzh6zo2ezhis29bs.jpg\" alt=\"\" \/><\/figure><\/a><\/div><div class=\"swiper-slide\" role=\"group\" aria-roledescription=\"slide\" aria-label=\"4 out of 4\"><a data-elementor-open-lightbox=\"yes\" data-elementor-lightbox-slideshow=\"bf23502\" data-elementor-lightbox-title=\"Sylve - Installation In-situ - Grenoble\" data-e-action-hash=\"#elementor-action%3Aaction%3Dlightbox%26settings%3DeyJpZCI6MjgwLCJ1cmwiOiJodHRwczpcL1wvb3JoLmFydFwvd3AtY29udGVudFwvdXBsb2Fkc1wvMjAyNVwvMDFcL09SSC1Sb2NoLVJPQkFHTElBLWFydC1pbnN0YWxsYXRpb24tU1lMVkUtMi5qcGciLCJzbGlkZXNob3ciOiJiZjIzNTAyIn0%3D\" href=\"https:\/\/orh.art\/wp-content\/uploads\/2025\/01\/ORH-Roch-ROBAGLIA-art-installation-SYLVE-2.jpg\"><figure class=\"swiper-slide-inner\"><img decoding=\"async\" class=\"swiper-slide-image\" src=\"https:\/\/orh.art\/wp-content\/uploads\/elementor\/thumbs\/ORH-Roch-ROBAGLIA-art-installation-SYLVE-2-r01qnbfas3whn94c1yfbwtjwqi6pwl74qoaghbzgzc.jpg\" alt=\"\" \/><\/figure><\/a><\/div>\t\t\t<\/div>\n\t\t\t\t\t\t\t\t\t\t\t\t<div class=\"elementor-swiper-button elementor-swiper-button-prev\" role=\"button\" tabindex=\"0\">\n\t\t\t\t\t\t<svg aria-hidden=\"true\" class=\"e-font-icon-svg e-eicon-chevron-left\" viewbox=\"0 0 1000 1000\" xmlns=\"http:\/\/www.w3.org\/2000\/svg\"><path d=\"M646 125C629 125 613 133 604 142L308 442C296 454 292 471 292 487 292 504 296 521 308 533L604 854C617 867 629 875 646 875 663 875 679 871 692 858 704 846 713 829 713 812 713 796 708 779 692 767L438 487 692 225C700 217 708 204 708 187 708 171 704 154 692 142 675 129 663 125 646 125Z\"><\/path><\/svg>\t\t\t\t\t<\/div>\n\t\t\t\t\t<div class=\"elementor-swiper-button elementor-swiper-button-next\" role=\"button\" tabindex=\"0\">\n\t\t\t\t\t\t<svg aria-hidden=\"true\" class=\"e-font-icon-svg e-eicon-chevron-right\" viewbox=\"0 0 1000 1000\" xmlns=\"http:\/\/www.w3.org\/2000\/svg\"><path d=\"M696 533C708 521 713 504 713 487 713 471 708 454 696 446L400 146C388 133 375 125 354 125 338 125 325 129 313 142 300 154 292 171 292 187 292 204 296 221 308 233L563 492 304 771C292 783 288 800 288 817 288 833 296 850 308 863 321 871 338 875 354 875 371 875 388 867 400 854L696 533Z\"><\/path><\/svg>\t\t\t\t\t<\/div>\n\t\t\t\t\n\t\t\t\t\t\t\t\t\t<div class=\"swiper-pagination\"><\/div>\n\t\t\t\t\t\t\t\t\t<\/div>\n\t\t\t\t<\/div>\n\t\t\t\t<\/div>\n\t\t\t\t<\/div>\n\t\t<div class=\"elementor-element elementor-element-7d862df e-flex e-con-boxed e-con e-parent\" data-id=\"7d862df\" data-element_type=\"container\">\n\t\t\t\t\t<div class=\"e-con-inner\">\n\t\t\t\t<div class=\"elementor-element elementor-element-458f623 elementor-align-center elementor-widget elementor-widget-button\" data-id=\"458f623\" data-element_type=\"widget\" data-widget_type=\"button.default\">\n\t\t\t\t<div class=\"elementor-widget-container\">\n\t\t\t\t\t<div class=\"elementor-button-wrapper\">\n\t\t\t<a class=\"elementor-button elementor-button-link elementor-size-sm elementor-animation-shrink\" href=\"https:\/\/orh.art\/en\/oeuvres\/\">\n\t\t\t\t\t\t<span class=\"elementor-button-content-wrapper\">\n\t\t\t\t\t\t<span class=\"elementor-button-icon\">\n\t\t\t\t<i aria-hidden=\"true\" class=\"icon icon-chevron-left\"><\/i>\t\t\t<\/span>\n\t\t\t\t\t\t\t\t\t<span class=\"elementor-button-text\">Works<\/span>\n\t\t\t\t\t<\/span>\n\t\t\t\t\t<\/a>\n\t\t<\/div>\n\t\t\t\t<\/div>\n\t\t\t\t<\/div>\n\t\t\t\t\t<\/div>\n\t\t\t\t<\/div>\n\t\t\t\t<\/div>","protected":false},"excerpt":{"rendered":"<p>Sylve Site-specific Installation | 2023 | Eiffage Immobilier | Grenoble SYLVE is a site-specific sculptural installation. A timeless high forest stands at the heart of the building. It bears witness to the place&#039;s connection between its industrial past and its new use. An eternal guardian, a husband of the elements and time, SYLVE watches over it. Artworks<\/p>","protected":false},"author":2,"featured_media":281,"parent":0,"menu_order":0,"comment_status":"closed","ping_status":"closed","template":"elementor_header_footer","meta":{"footnotes":""},"class_list":["post-277","page","type-page","status-publish","has-post-thumbnail","hentry"],"yoast_head":"<!-- This site is optimized with the Yoast SEO plugin v25.2 - https:\/\/yoast.com\/wordpress\/plugins\/seo\/ -->\n<title>Sylve - ORH - Roch Robaglia<\/title>\n<meta name=\"description\" content=\"Grenoble \u2013 Eiffage ImmobilierSYLVE est une installation sculpturale in-situe. Au coeur du b\u00e2ti s\u2019\u00e9broue une futaie intemporelle.\" \/>\n<meta name=\"robots\" content=\"index, follow, max-snippet:-1, max-image-preview:large, max-video-preview:-1\" \/>\n<link rel=\"canonical\" href=\"https:\/\/orh.art\/en\/sylve\/\" \/>\n<meta property=\"og:locale\" content=\"en_GB\" \/>\n<meta property=\"og:type\" content=\"article\" \/>\n<meta property=\"og:title\" content=\"Sylve - ORH - Roch Robaglia\" \/>\n<meta property=\"og:description\" content=\"Grenoble \u2013 Eiffage ImmobilierSYLVE est une installation sculpturale in-situe. Au coeur du b\u00e2ti s\u2019\u00e9broue une futaie intemporelle.\" \/>\n<meta property=\"og:url\" content=\"https:\/\/orh.art\/en\/sylve\/\" \/>\n<meta property=\"og:site_name\" content=\"ORH - Roch Robaglia\" \/>\n<meta property=\"article:modified_time\" content=\"2025-06-04T11:20:39+00:00\" \/>\n<meta property=\"og:image\" content=\"https:\/\/orh.art\/wp-content\/uploads\/2025\/01\/ORH-Roch-ROBAGLIA-art-installation-SYLVE-3.jpg\" \/>\n\t<meta property=\"og:image:width\" content=\"1200\" \/>\n\t<meta property=\"og:image:height\" content=\"904\" \/>\n\t<meta property=\"og:image:type\" content=\"image\/jpeg\" \/>\n<meta name=\"twitter:card\" content=\"summary_large_image\" \/>\n<meta name=\"twitter:label1\" content=\"Estimated reading time\" \/>\n\t<meta name=\"twitter:data1\" content=\"3 minutes\" \/>\n<script type=\"application\/ld+json\" class=\"yoast-schema-graph\">{\"@context\":\"https:\/\/schema.org\",\"@graph\":[{\"@type\":\"WebPage\",\"@id\":\"https:\/\/orh.art\/sylve\/\",\"url\":\"https:\/\/orh.art\/sylve\/\",\"name\":\"Sylve - ORH - Roch Robaglia\",\"isPartOf\":{\"@id\":\"https:\/\/orh.art\/#website\"},\"primaryImageOfPage\":{\"@id\":\"https:\/\/orh.art\/sylve\/#primaryimage\"},\"image\":{\"@id\":\"https:\/\/orh.art\/sylve\/#primaryimage\"},\"thumbnailUrl\":\"https:\/\/orh.art\/wp-content\/uploads\/2025\/01\/ORH-Roch-ROBAGLIA-art-installation-SYLVE-3.jpg\",\"datePublished\":\"2025-01-15T14:42:59+00:00\",\"dateModified\":\"2025-06-04T11:20:39+00:00\",\"description\":\"Grenoble \u2013 Eiffage ImmobilierSYLVE est une installation sculpturale in-situe. Au coeur du b\u00e2ti s\u2019\u00e9broue une futaie intemporelle.\",\"breadcrumb\":{\"@id\":\"https:\/\/orh.art\/sylve\/#breadcrumb\"},\"inLanguage\":\"en-GB\",\"potentialAction\":[{\"@type\":\"ReadAction\",\"target\":[\"https:\/\/orh.art\/sylve\/\"]}]},{\"@type\":\"ImageObject\",\"inLanguage\":\"en-GB\",\"@id\":\"https:\/\/orh.art\/sylve\/#primaryimage\",\"url\":\"https:\/\/orh.art\/wp-content\/uploads\/2025\/01\/ORH-Roch-ROBAGLIA-art-installation-SYLVE-3.jpg\",\"contentUrl\":\"https:\/\/orh.art\/wp-content\/uploads\/2025\/01\/ORH-Roch-ROBAGLIA-art-installation-SYLVE-3.jpg\",\"width\":1200,\"height\":904},{\"@type\":\"BreadcrumbList\",\"@id\":\"https:\/\/orh.art\/sylve\/#breadcrumb\",\"itemListElement\":[{\"@type\":\"ListItem\",\"position\":1,\"name\":\"Accueil\",\"item\":\"https:\/\/orh.art\/\"},{\"@type\":\"ListItem\",\"position\":2,\"name\":\"Sylve\"}]},{\"@type\":\"WebSite\",\"@id\":\"https:\/\/orh.art\/#website\",\"url\":\"https:\/\/orh.art\/\",\"name\":\"ORH - Roch Robaglia\",\"description\":\"Artiste plasticien bas\u00e9 \u00e0 Chamb\u00e9ry, Savoie\",\"publisher\":{\"@id\":\"https:\/\/orh.art\/#organization\"},\"potentialAction\":[{\"@type\":\"SearchAction\",\"target\":{\"@type\":\"EntryPoint\",\"urlTemplate\":\"https:\/\/orh.art\/?s={search_term_string}\"},\"query-input\":{\"@type\":\"PropertyValueSpecification\",\"valueRequired\":true,\"valueName\":\"search_term_string\"}}],\"inLanguage\":\"en-GB\"},{\"@type\":\"Organization\",\"@id\":\"https:\/\/orh.art\/#organization\",\"name\":\"ORH - Roch Robaglia\",\"url\":\"https:\/\/orh.art\/\",\"logo\":{\"@type\":\"ImageObject\",\"inLanguage\":\"en-GB\",\"@id\":\"https:\/\/orh.art\/#\/schema\/logo\/image\/\",\"url\":\"https:\/\/orh.art\/wp-content\/uploads\/2024\/10\/Logo-ORH-Roch-Robaglia.png\",\"contentUrl\":\"https:\/\/orh.art\/wp-content\/uploads\/2024\/10\/Logo-ORH-Roch-Robaglia.png\",\"width\":500,\"height\":500,\"caption\":\"ORH - Roch Robaglia\"},\"image\":{\"@id\":\"https:\/\/orh.art\/#\/schema\/logo\/image\/\"}}]}<\/script>\n<!-- \/ Yoast SEO plugin. -->","yoast_head_json":{"title":"Sylve - ORH - Roch Robaglia","description":"Grenoble \u2013 Eiffage ImmobilierSYLVE est une installation sculpturale in-situe. Au coeur du b\u00e2ti s\u2019\u00e9broue une futaie intemporelle.","robots":{"index":"index","follow":"follow","max-snippet":"max-snippet:-1","max-image-preview":"max-image-preview:large","max-video-preview":"max-video-preview:-1"},"canonical":"https:\/\/orh.art\/en\/sylve\/","og_locale":"en_GB","og_type":"article","og_title":"Sylve - ORH - Roch Robaglia","og_description":"Grenoble \u2013 Eiffage ImmobilierSYLVE est une installation sculpturale in-situe. Au coeur du b\u00e2ti s\u2019\u00e9broue une futaie intemporelle.","og_url":"https:\/\/orh.art\/en\/sylve\/","og_site_name":"ORH - Roch Robaglia","article_modified_time":"2025-06-04T11:20:39+00:00","og_image":[{"width":1200,"height":904,"url":"https:\/\/orh.art\/wp-content\/uploads\/2025\/01\/ORH-Roch-ROBAGLIA-art-installation-SYLVE-3.jpg","type":"image\/jpeg"}],"twitter_card":"summary_large_image","twitter_misc":{"Estimated reading time":"3 minutes"},"schema":{"@context":"https:\/\/schema.org","@graph":[{"@type":"WebPage","@id":"https:\/\/orh.art\/sylve\/","url":"https:\/\/orh.art\/sylve\/","name":"Sylve - ORH - Roch Robaglia","isPartOf":{"@id":"https:\/\/orh.art\/#website"},"primaryImageOfPage":{"@id":"https:\/\/orh.art\/sylve\/#primaryimage"},"image":{"@id":"https:\/\/orh.art\/sylve\/#primaryimage"},"thumbnailUrl":"https:\/\/orh.art\/wp-content\/uploads\/2025\/01\/ORH-Roch-ROBAGLIA-art-installation-SYLVE-3.jpg","datePublished":"2025-01-15T14:42:59+00:00","dateModified":"2025-06-04T11:20:39+00:00","description":"Grenoble \u2013 Eiffage ImmobilierSYLVE est une installation sculpturale in-situe. Au coeur du b\u00e2ti s\u2019\u00e9broue une futaie intemporelle.","breadcrumb":{"@id":"https:\/\/orh.art\/sylve\/#breadcrumb"},"inLanguage":"en-GB","potentialAction":[{"@type":"ReadAction","target":["https:\/\/orh.art\/sylve\/"]}]},{"@type":"ImageObject","inLanguage":"en-GB","@id":"https:\/\/orh.art\/sylve\/#primaryimage","url":"https:\/\/orh.art\/wp-content\/uploads\/2025\/01\/ORH-Roch-ROBAGLIA-art-installation-SYLVE-3.jpg","contentUrl":"https:\/\/orh.art\/wp-content\/uploads\/2025\/01\/ORH-Roch-ROBAGLIA-art-installation-SYLVE-3.jpg","width":1200,"height":904},{"@type":"BreadcrumbList","@id":"https:\/\/orh.art\/sylve\/#breadcrumb","itemListElement":[{"@type":"ListItem","position":1,"name":"Accueil","item":"https:\/\/orh.art\/"},{"@type":"ListItem","position":2,"name":"Sylve"}]},{"@type":"WebSite","@id":"https:\/\/orh.art\/#website","url":"https:\/\/orh.art\/","name":"ORH - Roch Robaglia","description":"Artiste plasticien bas\u00e9 \u00e0 Chamb\u00e9ry, Savoie","publisher":{"@id":"https:\/\/orh.art\/#organization"},"potentialAction":[{"@type":"SearchAction","target":{"@type":"EntryPoint","urlTemplate":"https:\/\/orh.art\/?s={search_term_string}"},"query-input":{"@type":"PropertyValueSpecification","valueRequired":true,"valueName":"search_term_string"}}],"inLanguage":"en-GB"},{"@type":"Organization","@id":"https:\/\/orh.art\/#organization","name":"ORH - Roch Robaglia","url":"https:\/\/orh.art\/","logo":{"@type":"ImageObject","inLanguage":"en-GB","@id":"https:\/\/orh.art\/#\/schema\/logo\/image\/","url":"https:\/\/orh.art\/wp-content\/uploads\/2024\/10\/Logo-ORH-Roch-Robaglia.png","contentUrl":"https:\/\/orh.art\/wp-content\/uploads\/2024\/10\/Logo-ORH-Roch-Robaglia.png","width":500,"height":500,"caption":"ORH - Roch Robaglia"},"image":{"@id":"https:\/\/orh.art\/#\/schema\/logo\/image\/"}}]}},"_links":{"self":[{"href":"https:\/\/orh.art\/en\/wp-json\/wp\/v2\/pages\/277","targetHints":{"allow":["GET"]}}],"collection":[{"href":"https:\/\/orh.art\/en\/wp-json\/wp\/v2\/pages"}],"about":[{"href":"https:\/\/orh.art\/en\/wp-json\/wp\/v2\/types\/page"}],"author":[{"embeddable":true,"href":"https:\/\/orh.art\/en\/wp-json\/wp\/v2\/users\/2"}],"replies":[{"embeddable":true,"href":"https:\/\/orh.art\/en\/wp-json\/wp\/v2\/comments?post=277"}],"version-history":[{"count":12,"href":"https:\/\/orh.art\/en\/wp-json\/wp\/v2\/pages\/277\/revisions"}],"predecessor-version":[{"id":1568,"href":"https:\/\/orh.art\/en\/wp-json\/wp\/v2\/pages\/277\/revisions\/1568"}],"wp:featuredmedia":[{"embeddable":true,"href":"https:\/\/orh.art\/en\/wp-json\/wp\/v2\/media\/281"}],"wp:attachment":[{"href":"https:\/\/orh.art\/en\/wp-json\/wp\/v2\/media?parent=277"}],"curies":[{"name":"wp","href":"https:\/\/api.w.org\/{rel}","templated":true}]}}