{"id":257,"date":"2025-01-15T15:37:18","date_gmt":"2025-01-15T14:37:18","guid":{"rendered":"https:\/\/orh.art\/?page_id=257"},"modified":"2025-06-04T13:21:06","modified_gmt":"2025-06-04T11:21:06","slug":"esprit-de-savoie","status":"publish","type":"page","link":"https:\/\/orh.art\/en\/esprit-de-savoie\/","title":{"rendered":"Savoy Fair"},"content":{"rendered":"<div data-elementor-type=\"wp-page\" data-elementor-id=\"257\" class=\"elementor elementor-257\">\n\t\t\t\t<div class=\"elementor-element elementor-element-a07f912 e-con-full e-flex e-con e-parent\" data-id=\"a07f912\" data-element_type=\"container\">\n\t\t<div class=\"elementor-element elementor-element-02eea5a e-con-full e-flex e-con e-child\" data-id=\"02eea5a\" data-element_type=\"container\" data-settings=\"{&quot;background_background&quot;:&quot;classic&quot;}\">\n\t\t\t\t<\/div>\n\t\t\t\t<\/div>\n\t\t<div class=\"elementor-element elementor-element-e09baa1 e-con-full e-flex e-con e-parent\" data-id=\"e09baa1\" data-element_type=\"container\">\n\t\t<div class=\"elementor-element elementor-element-24f4c50 e-con-full e-flex e-con e-child\" data-id=\"24f4c50\" data-element_type=\"container\">\n\t\t\t\t<div class=\"elementor-element elementor-element-6b9979f elementor-widget elementor-widget-text-editor\" data-id=\"6b9979f\" data-element_type=\"widget\" data-widget_type=\"text-editor.default\">\n\t\t\t\t<div class=\"elementor-widget-container\">\n\t\t\t\t\t\t\t<p>Spirit of Savoy<\/p>\t\t\t\t\t\t<\/div>\n\t\t\t\t<\/div>\n\t\t\t\t<\/div>\n\t\t<div class=\"elementor-element elementor-element-dc6df10 e-con-full e-flex e-con e-child\" data-id=\"dc6df10\" data-element_type=\"container\">\n\t\t\t\t<div class=\"elementor-element elementor-element-7615ca7 elementor-widget elementor-widget-text-editor\" data-id=\"7615ca7\" data-element_type=\"widget\" data-widget_type=\"text-editor.default\">\n\t\t\t\t<div class=\"elementor-widget-container\">\n\t\t\t\t\t\t\t<p>In-situ installation | Creation and organization of the exhibition | 2023 | Chamb\u00e9ry<\/p>\t\t\t\t\t\t<\/div>\n\t\t\t\t<\/div>\n\t\t\t\t<div class=\"elementor-element elementor-element-1757170 elementor-widget elementor-widget-text-editor\" data-id=\"1757170\" data-element_type=\"widget\" data-widget_type=\"text-editor.default\">\n\t\t\t\t<div class=\"elementor-widget-container\">\n\t\t\t\t\t\t\t<p class=\"p1\">Another look at our region. An exhibition of immersive and interactive arts.<\/p><p>A group exhibition project created for the 100th anniversary of the Savoie fair. Within a unique and tailor-made scenography, the work invites the public to discover the work of around twenty artists. As the exhibition progresses, reality and imagination will gradually intertwine, allowing the public to touch <b>the Spirit of Savoy<\/b>.<\/p>\t\t\t\t\t\t<\/div>\n\t\t\t\t<\/div>\n\t\t\t\t<\/div>\n\t\t\t\t<\/div>\n\t\t<div class=\"elementor-element elementor-element-a59df12 e-con-full e-flex e-con e-parent\" data-id=\"a59df12\" data-element_type=\"container\">\n\t\t\t\t<div class=\"elementor-element elementor-element-6cc016e elementor-arrows-position-inside elementor-pagination-position-outside elementor-widget elementor-widget-image-carousel\" data-id=\"6cc016e\" data-element_type=\"widget\" data-settings=\"{&quot;slides_to_show&quot;:&quot;3&quot;,&quot;autoplay_speed&quot;:4000,&quot;navigation&quot;:&quot;both&quot;,&quot;autoplay&quot;:&quot;yes&quot;,&quot;pause_on_hover&quot;:&quot;yes&quot;,&quot;pause_on_interaction&quot;:&quot;yes&quot;,&quot;infinite&quot;:&quot;yes&quot;,&quot;speed&quot;:500,&quot;image_spacing_custom&quot;:{&quot;unit&quot;:&quot;px&quot;,&quot;size&quot;:20,&quot;sizes&quot;:[]},&quot;image_spacing_custom_tablet&quot;:{&quot;unit&quot;:&quot;px&quot;,&quot;size&quot;:&quot;&quot;,&quot;sizes&quot;:[]},&quot;image_spacing_custom_mobile&quot;:{&quot;unit&quot;:&quot;px&quot;,&quot;size&quot;:&quot;&quot;,&quot;sizes&quot;:[]}}\" data-widget_type=\"image-carousel.default\">\n\t\t\t\t<div class=\"elementor-widget-container\">\n\t\t\t\t\t<div class=\"elementor-image-carousel-wrapper swiper\" dir=\"ltr\">\n\t\t\t<div class=\"elementor-image-carousel swiper-wrapper\" aria-live=\"off\">\n\t\t\t\t\t\t\t\t<div class=\"swiper-slide\" role=\"group\" aria-roledescription=\"slide\" aria-label=\"1 out of 5\"><a data-elementor-open-lightbox=\"yes\" data-elementor-lightbox-slideshow=\"6cc016e\" data-elementor-lightbox-title=\"Esprit de Savoie - Exposition et Installation - Chamb\u00e9ry\" data-e-action-hash=\"#elementor-action%3Aaction%3Dlightbox%26settings%3DeyJpZCI6MjgsInVybCI6Imh0dHBzOlwvXC9vcmguYXJ0XC93cC1jb250ZW50XC91cGxvYWRzXC8yMDI0XC8xMFwvT1JILVJvY2gtUk9CQUdMSUEtYXJ0LWluc3RhbGxhdGlvbi1HbGFjZS0uanBnIiwic2xpZGVzaG93IjoiNmNjMDE2ZSJ9\" href=\"https:\/\/orh.art\/wp-content\/uploads\/2024\/10\/ORH-Roch-ROBAGLIA-art-installation-Glace-.jpg\"><figure class=\"swiper-slide-inner\"><img decoding=\"async\" class=\"swiper-slide-image\" src=\"https:\/\/orh.art\/wp-content\/uploads\/elementor\/thumbs\/ORH-Roch-ROBAGLIA-art-installation-Glace--qvxtoj1vwapofyb0c3m6gcbpop42gwap9rmn5xotdk.jpg\" alt=\"\" \/><\/figure><\/a><\/div><div class=\"swiper-slide\" role=\"group\" aria-roledescription=\"slide\" aria-label=\"2 out of 5\"><a data-elementor-open-lightbox=\"yes\" data-elementor-lightbox-slideshow=\"6cc016e\" data-elementor-lightbox-title=\"Esprit de Savoie - Exposition et Installation - Chamb\u00e9ry\" data-e-action-hash=\"#elementor-action%3Aaction%3Dlightbox%26settings%3DeyJpZCI6MjczLCJ1cmwiOiJodHRwczpcL1wvb3JoLmFydFwvd3AtY29udGVudFwvdXBsb2Fkc1wvMjAyNVwvMDFcL09SSC1Sb2NoLVJPQkFHTElBLWFydC1pbnN0YWxsYXRpb24tRm9pcmUtZGUtU2F2b2llLTUuanBnIiwic2xpZGVzaG93IjoiNmNjMDE2ZSJ9\" href=\"https:\/\/orh.art\/wp-content\/uploads\/2025\/01\/ORH-Roch-ROBAGLIA-art-installation-Foire-de-Savoie-5.jpg\"><figure class=\"swiper-slide-inner\"><img decoding=\"async\" class=\"swiper-slide-image\" src=\"https:\/\/orh.art\/wp-content\/uploads\/elementor\/thumbs\/ORH-Roch-ROBAGLIA-art-installation-Foire-de-Savoie-5-r01qelh7dfypxhscz6pxs0rybt64hoks7iea6wwypk.jpg\" alt=\"\" \/><\/figure><\/a><\/div><div class=\"swiper-slide\" role=\"group\" aria-roledescription=\"slide\" aria-label=\"3 out of 5\"><a data-elementor-open-lightbox=\"yes\" data-elementor-lightbox-slideshow=\"6cc016e\" data-elementor-lightbox-title=\"Esprit de Savoie - Exposition et Installation - Chamb\u00e9ry\" data-e-action-hash=\"#elementor-action%3Aaction%3Dlightbox%26settings%3DeyJpZCI6MjcyLCJ1cmwiOiJodHRwczpcL1wvb3JoLmFydFwvd3AtY29udGVudFwvdXBsb2Fkc1wvMjAyNVwvMDFcL09SSC1Sb2NoLVJPQkFHTElBLWFydC1pbnN0YWxsYXRpb24tRm9pcmUtZGUtU2F2b2llLTQuanBnIiwic2xpZGVzaG93IjoiNmNjMDE2ZSJ9\" href=\"https:\/\/orh.art\/wp-content\/uploads\/2025\/01\/ORH-Roch-ROBAGLIA-art-installation-Foire-de-Savoie-4.jpg\"><figure class=\"swiper-slide-inner\"><img decoding=\"async\" class=\"swiper-slide-image\" src=\"https:\/\/orh.art\/wp-content\/uploads\/elementor\/thumbs\/ORH-Roch-ROBAGLIA-art-installation-Foire-de-Savoie-4-r01qejlizrw5a9v3a5won19151fe2adbj93b8czr20.jpg\" alt=\"\" \/><\/figure><\/a><\/div><div class=\"swiper-slide\" role=\"group\" aria-roledescription=\"slide\" aria-label=\"4 out of 5\"><a data-elementor-open-lightbox=\"yes\" data-elementor-lightbox-slideshow=\"6cc016e\" data-elementor-lightbox-title=\"Esprit de Savoie - Exposition et Installation - Chamb\u00e9ry\" data-e-action-hash=\"#elementor-action%3Aaction%3Dlightbox%26settings%3DeyJpZCI6MjcxLCJ1cmwiOiJodHRwczpcL1wvb3JoLmFydFwvd3AtY29udGVudFwvdXBsb2Fkc1wvMjAyNVwvMDFcL09SSC1Sb2NoLVJPQkFHTElBLWFydC1pbnN0YWxsYXRpb24tRm9pcmUtZGUtU2F2b2llLTMuanBnIiwic2xpZGVzaG93IjoiNmNjMDE2ZSJ9\" href=\"https:\/\/orh.art\/wp-content\/uploads\/2025\/01\/ORH-Roch-ROBAGLIA-art-installation-Foire-de-Savoie-3.jpg\"><figure class=\"swiper-slide-inner\"><img decoding=\"async\" class=\"swiper-slide-image\" src=\"https:\/\/orh.art\/wp-content\/uploads\/elementor\/thumbs\/ORH-Roch-ROBAGLIA-art-installation-Foire-de-Savoie-3-r01qeinosxuuynwgfni22jhkjnk0ul9l74ftr31588.jpg\" alt=\"\" \/><\/figure><\/a><\/div><div class=\"swiper-slide\" role=\"group\" aria-roledescription=\"slide\" aria-label=\"5 out of 5\"><a data-elementor-open-lightbox=\"yes\" data-elementor-lightbox-slideshow=\"6cc016e\" data-elementor-lightbox-title=\"Esprit de Savoie - Exposition et Installation - Chamb\u00e9ry\" data-e-action-hash=\"#elementor-action%3Aaction%3Dlightbox%26settings%3DeyJpZCI6MjcwLCJ1cmwiOiJodHRwczpcL1wvb3JoLmFydFwvd3AtY29udGVudFwvdXBsb2Fkc1wvMjAyNVwvMDFcL09SSC1Sb2NoLVJPQkFHTElBLWFydC1pbnN0YWxsYXRpb24tRm9pcmUtZGUtU2F2b2llLTIuanBnIiwic2xpZGVzaG93IjoiNmNjMDE2ZSJ9\" href=\"https:\/\/orh.art\/wp-content\/uploads\/2025\/01\/ORH-Roch-ROBAGLIA-art-installation-Foire-de-Savoie-2.jpg\"><figure class=\"swiper-slide-inner\"><img decoding=\"async\" class=\"swiper-slide-image\" src=\"https:\/\/orh.art\/wp-content\/uploads\/elementor\/thumbs\/ORH-Roch-ROBAGLIA-art-installation-Foire-de-Savoie-2-r01qegs0f9sabfz6qmosxjyncvtaf724iv4usj3xko.jpg\" alt=\"\" \/><\/figure><\/a><\/div>\t\t\t<\/div>\n\t\t\t\t\t\t\t\t\t\t\t\t<div class=\"elementor-swiper-button elementor-swiper-button-prev\" role=\"button\" tabindex=\"0\">\n\t\t\t\t\t\t<svg aria-hidden=\"true\" class=\"e-font-icon-svg e-eicon-chevron-left\" viewbox=\"0 0 1000 1000\" xmlns=\"http:\/\/www.w3.org\/2000\/svg\"><path d=\"M646 125C629 125 613 133 604 142L308 442C296 454 292 471 292 487 292 504 296 521 308 533L604 854C617 867 629 875 646 875 663 875 679 871 692 858 704 846 713 829 713 812 713 796 708 779 692 767L438 487 692 225C700 217 708 204 708 187 708 171 704 154 692 142 675 129 663 125 646 125Z\"><\/path><\/svg>\t\t\t\t\t<\/div>\n\t\t\t\t\t<div class=\"elementor-swiper-button elementor-swiper-button-next\" role=\"button\" tabindex=\"0\">\n\t\t\t\t\t\t<svg aria-hidden=\"true\" class=\"e-font-icon-svg e-eicon-chevron-right\" viewbox=\"0 0 1000 1000\" xmlns=\"http:\/\/www.w3.org\/2000\/svg\"><path d=\"M696 533C708 521 713 504 713 487 713 471 708 454 696 446L400 146C388 133 375 125 354 125 338 125 325 129 313 142 300 154 292 171 292 187 292 204 296 221 308 233L563 492 304 771C292 783 288 800 288 817 288 833 296 850 308 863 321 871 338 875 354 875 371 875 388 867 400 854L696 533Z\"><\/path><\/svg>\t\t\t\t\t<\/div>\n\t\t\t\t\n\t\t\t\t\t\t\t\t\t<div class=\"swiper-pagination\"><\/div>\n\t\t\t\t\t\t\t\t\t<\/div>\n\t\t\t\t<\/div>\n\t\t\t\t<\/div>\n\t\t\t\t<\/div>\n\t\t<div class=\"elementor-element elementor-element-86cbcbd e-flex e-con-boxed e-con e-parent\" data-id=\"86cbcbd\" data-element_type=\"container\">\n\t\t\t\t\t<div class=\"e-con-inner\">\n\t\t\t\t<div class=\"elementor-element elementor-element-dc3c7af elementor-align-center elementor-widget elementor-widget-button\" data-id=\"dc3c7af\" data-element_type=\"widget\" data-widget_type=\"button.default\">\n\t\t\t\t<div class=\"elementor-widget-container\">\n\t\t\t\t\t<div class=\"elementor-button-wrapper\">\n\t\t\t<a class=\"elementor-button elementor-button-link elementor-size-sm elementor-animation-shrink\" href=\"https:\/\/orh.art\/en\/oeuvres\/\">\n\t\t\t\t\t\t<span class=\"elementor-button-content-wrapper\">\n\t\t\t\t\t\t<span class=\"elementor-button-icon\">\n\t\t\t\t<i aria-hidden=\"true\" class=\"icon icon-chevron-left\"><\/i>\t\t\t<\/span>\n\t\t\t\t\t\t\t\t\t<span class=\"elementor-button-text\">Works<\/span>\n\t\t\t\t\t<\/span>\n\t\t\t\t\t<\/a>\n\t\t<\/div>\n\t\t\t\t<\/div>\n\t\t\t\t<\/div>\n\t\t\t\t\t<\/div>\n\t\t\t\t<\/div>\n\t\t\t\t<\/div>","protected":false},"excerpt":{"rendered":"<p>Spirit of Savoy Site-specific installation | Exhibition creation and organization | 2023 | Chamb\u00e9ry A different perspective on our region. Immersive and interactive art exhibition. Group exhibition project created for the 100th anniversary of the Savoy Fair. Within a unique and tailor-made scenography, the work invites the public to discover the work [\u2026]<\/p>","protected":false},"author":2,"featured_media":273,"parent":0,"menu_order":0,"comment_status":"closed","ping_status":"closed","template":"elementor_header_footer","meta":{"footnotes":""},"class_list":["post-257","page","type-page","status-publish","has-post-thumbnail","hentry"],"yoast_head":"<!-- This site is optimized with the Yoast SEO plugin v25.2 - https:\/\/yoast.com\/wordpress\/plugins\/seo\/ -->\n<title>Foire de Savoie - ORH - Roch Robaglia<\/title>\n<meta name=\"description\" content=\"Pour les 100 ans de la foire de Savoie d\u00e9couvrez l&#039;exposition et les \u0153uvres de Roch Robaglia : Un autre regard sur notre territoire. Exposition d\u2019arts immersifs et interactifs.Projet d\u2019exposition collective r\u00e9alis\u00e9 pour les 100 ans de la foire de Savoie.\" \/>\n<meta name=\"robots\" content=\"index, follow, max-snippet:-1, max-image-preview:large, max-video-preview:-1\" \/>\n<link rel=\"canonical\" href=\"https:\/\/orh.art\/en\/esprit-de-savoie\/\" \/>\n<meta property=\"og:locale\" content=\"en_GB\" \/>\n<meta property=\"og:type\" content=\"article\" \/>\n<meta property=\"og:title\" content=\"Foire de Savoie - ORH - Roch Robaglia\" \/>\n<meta property=\"og:description\" content=\"Pour les 100 ans de la foire de Savoie d\u00e9couvrez l&#039;exposition et les \u0153uvres de Roch Robaglia : Un autre regard sur notre territoire. Exposition d\u2019arts immersifs et interactifs.Projet d\u2019exposition collective r\u00e9alis\u00e9 pour les 100 ans de la foire de Savoie.\" \/>\n<meta property=\"og:url\" content=\"https:\/\/orh.art\/en\/esprit-de-savoie\/\" \/>\n<meta property=\"og:site_name\" content=\"ORH - Roch Robaglia\" \/>\n<meta property=\"article:modified_time\" content=\"2025-06-04T11:21:06+00:00\" \/>\n<meta property=\"og:image\" content=\"https:\/\/orh.art\/wp-content\/uploads\/2025\/01\/ORH-Roch-ROBAGLIA-art-installation-Foire-de-Savoie-5.jpg\" \/>\n\t<meta property=\"og:image:width\" content=\"1400\" \/>\n\t<meta property=\"og:image:height\" content=\"1054\" \/>\n\t<meta property=\"og:image:type\" content=\"image\/jpeg\" \/>\n<meta name=\"twitter:card\" content=\"summary_large_image\" \/>\n<meta name=\"twitter:label1\" content=\"Estimated reading time\" \/>\n\t<meta name=\"twitter:data1\" content=\"3 minutes\" \/>\n<script type=\"application\/ld+json\" class=\"yoast-schema-graph\">{\"@context\":\"https:\/\/schema.org\",\"@graph\":[{\"@type\":\"WebPage\",\"@id\":\"https:\/\/orh.art\/esprit-de-savoie\/\",\"url\":\"https:\/\/orh.art\/esprit-de-savoie\/\",\"name\":\"Foire de Savoie - ORH - Roch Robaglia\",\"isPartOf\":{\"@id\":\"https:\/\/orh.art\/#website\"},\"primaryImageOfPage\":{\"@id\":\"https:\/\/orh.art\/esprit-de-savoie\/#primaryimage\"},\"image\":{\"@id\":\"https:\/\/orh.art\/esprit-de-savoie\/#primaryimage\"},\"thumbnailUrl\":\"https:\/\/orh.art\/wp-content\/uploads\/2025\/01\/ORH-Roch-ROBAGLIA-art-installation-Foire-de-Savoie-5.jpg\",\"datePublished\":\"2025-01-15T14:37:18+00:00\",\"dateModified\":\"2025-06-04T11:21:06+00:00\",\"description\":\"Pour les 100 ans de la foire de Savoie d\u00e9couvrez l'exposition et les \u0153uvres de Roch Robaglia : Un autre regard sur notre territoire. Exposition d\u2019arts immersifs et interactifs.Projet d\u2019exposition collective r\u00e9alis\u00e9 pour les 100 ans de la foire de Savoie.\",\"breadcrumb\":{\"@id\":\"https:\/\/orh.art\/esprit-de-savoie\/#breadcrumb\"},\"inLanguage\":\"en-GB\",\"potentialAction\":[{\"@type\":\"ReadAction\",\"target\":[\"https:\/\/orh.art\/esprit-de-savoie\/\"]}]},{\"@type\":\"ImageObject\",\"inLanguage\":\"en-GB\",\"@id\":\"https:\/\/orh.art\/esprit-de-savoie\/#primaryimage\",\"url\":\"https:\/\/orh.art\/wp-content\/uploads\/2025\/01\/ORH-Roch-ROBAGLIA-art-installation-Foire-de-Savoie-5.jpg\",\"contentUrl\":\"https:\/\/orh.art\/wp-content\/uploads\/2025\/01\/ORH-Roch-ROBAGLIA-art-installation-Foire-de-Savoie-5.jpg\",\"width\":1400,\"height\":1054},{\"@type\":\"BreadcrumbList\",\"@id\":\"https:\/\/orh.art\/esprit-de-savoie\/#breadcrumb\",\"itemListElement\":[{\"@type\":\"ListItem\",\"position\":1,\"name\":\"Accueil\",\"item\":\"https:\/\/orh.art\/\"},{\"@type\":\"ListItem\",\"position\":2,\"name\":\"Foire de Savoie\"}]},{\"@type\":\"WebSite\",\"@id\":\"https:\/\/orh.art\/#website\",\"url\":\"https:\/\/orh.art\/\",\"name\":\"ORH - Roch Robaglia\",\"description\":\"Artiste plasticien bas\u00e9 \u00e0 Chamb\u00e9ry, Savoie\",\"publisher\":{\"@id\":\"https:\/\/orh.art\/#organization\"},\"potentialAction\":[{\"@type\":\"SearchAction\",\"target\":{\"@type\":\"EntryPoint\",\"urlTemplate\":\"https:\/\/orh.art\/?s={search_term_string}\"},\"query-input\":{\"@type\":\"PropertyValueSpecification\",\"valueRequired\":true,\"valueName\":\"search_term_string\"}}],\"inLanguage\":\"en-GB\"},{\"@type\":\"Organization\",\"@id\":\"https:\/\/orh.art\/#organization\",\"name\":\"ORH - Roch Robaglia\",\"url\":\"https:\/\/orh.art\/\",\"logo\":{\"@type\":\"ImageObject\",\"inLanguage\":\"en-GB\",\"@id\":\"https:\/\/orh.art\/#\/schema\/logo\/image\/\",\"url\":\"https:\/\/orh.art\/wp-content\/uploads\/2024\/10\/Logo-ORH-Roch-Robaglia.png\",\"contentUrl\":\"https:\/\/orh.art\/wp-content\/uploads\/2024\/10\/Logo-ORH-Roch-Robaglia.png\",\"width\":500,\"height\":500,\"caption\":\"ORH - Roch Robaglia\"},\"image\":{\"@id\":\"https:\/\/orh.art\/#\/schema\/logo\/image\/\"}}]}<\/script>\n<!-- \/ Yoast SEO plugin. -->","yoast_head_json":{"title":"Foire de Savoie - ORH - Roch Robaglia","description":"Pour les 100 ans de la foire de Savoie d\u00e9couvrez l'exposition et les \u0153uvres de Roch Robaglia : Un autre regard sur notre territoire. Exposition d\u2019arts immersifs et interactifs.Projet d\u2019exposition collective r\u00e9alis\u00e9 pour les 100 ans de la foire de Savoie.","robots":{"index":"index","follow":"follow","max-snippet":"max-snippet:-1","max-image-preview":"max-image-preview:large","max-video-preview":"max-video-preview:-1"},"canonical":"https:\/\/orh.art\/en\/esprit-de-savoie\/","og_locale":"en_GB","og_type":"article","og_title":"Foire de Savoie - ORH - Roch Robaglia","og_description":"Pour les 100 ans de la foire de Savoie d\u00e9couvrez l'exposition et les \u0153uvres de Roch Robaglia : Un autre regard sur notre territoire. Exposition d\u2019arts immersifs et interactifs.Projet d\u2019exposition collective r\u00e9alis\u00e9 pour les 100 ans de la foire de Savoie.","og_url":"https:\/\/orh.art\/en\/esprit-de-savoie\/","og_site_name":"ORH - Roch Robaglia","article_modified_time":"2025-06-04T11:21:06+00:00","og_image":[{"width":1400,"height":1054,"url":"https:\/\/orh.art\/wp-content\/uploads\/2025\/01\/ORH-Roch-ROBAGLIA-art-installation-Foire-de-Savoie-5.jpg","type":"image\/jpeg"}],"twitter_card":"summary_large_image","twitter_misc":{"Estimated reading time":"3 minutes"},"schema":{"@context":"https:\/\/schema.org","@graph":[{"@type":"WebPage","@id":"https:\/\/orh.art\/esprit-de-savoie\/","url":"https:\/\/orh.art\/esprit-de-savoie\/","name":"Foire de Savoie - ORH - Roch Robaglia","isPartOf":{"@id":"https:\/\/orh.art\/#website"},"primaryImageOfPage":{"@id":"https:\/\/orh.art\/esprit-de-savoie\/#primaryimage"},"image":{"@id":"https:\/\/orh.art\/esprit-de-savoie\/#primaryimage"},"thumbnailUrl":"https:\/\/orh.art\/wp-content\/uploads\/2025\/01\/ORH-Roch-ROBAGLIA-art-installation-Foire-de-Savoie-5.jpg","datePublished":"2025-01-15T14:37:18+00:00","dateModified":"2025-06-04T11:21:06+00:00","description":"Pour les 100 ans de la foire de Savoie d\u00e9couvrez l'exposition et les \u0153uvres de Roch Robaglia : Un autre regard sur notre territoire. Exposition d\u2019arts immersifs et interactifs.Projet d\u2019exposition collective r\u00e9alis\u00e9 pour les 100 ans de la foire de Savoie.","breadcrumb":{"@id":"https:\/\/orh.art\/esprit-de-savoie\/#breadcrumb"},"inLanguage":"en-GB","potentialAction":[{"@type":"ReadAction","target":["https:\/\/orh.art\/esprit-de-savoie\/"]}]},{"@type":"ImageObject","inLanguage":"en-GB","@id":"https:\/\/orh.art\/esprit-de-savoie\/#primaryimage","url":"https:\/\/orh.art\/wp-content\/uploads\/2025\/01\/ORH-Roch-ROBAGLIA-art-installation-Foire-de-Savoie-5.jpg","contentUrl":"https:\/\/orh.art\/wp-content\/uploads\/2025\/01\/ORH-Roch-ROBAGLIA-art-installation-Foire-de-Savoie-5.jpg","width":1400,"height":1054},{"@type":"BreadcrumbList","@id":"https:\/\/orh.art\/esprit-de-savoie\/#breadcrumb","itemListElement":[{"@type":"ListItem","position":1,"name":"Accueil","item":"https:\/\/orh.art\/"},{"@type":"ListItem","position":2,"name":"Foire de Savoie"}]},{"@type":"WebSite","@id":"https:\/\/orh.art\/#website","url":"https:\/\/orh.art\/","name":"ORH - Roch Robaglia","description":"Artiste plasticien bas\u00e9 \u00e0 Chamb\u00e9ry, Savoie","publisher":{"@id":"https:\/\/orh.art\/#organization"},"potentialAction":[{"@type":"SearchAction","target":{"@type":"EntryPoint","urlTemplate":"https:\/\/orh.art\/?s={search_term_string}"},"query-input":{"@type":"PropertyValueSpecification","valueRequired":true,"valueName":"search_term_string"}}],"inLanguage":"en-GB"},{"@type":"Organization","@id":"https:\/\/orh.art\/#organization","name":"ORH - Roch Robaglia","url":"https:\/\/orh.art\/","logo":{"@type":"ImageObject","inLanguage":"en-GB","@id":"https:\/\/orh.art\/#\/schema\/logo\/image\/","url":"https:\/\/orh.art\/wp-content\/uploads\/2024\/10\/Logo-ORH-Roch-Robaglia.png","contentUrl":"https:\/\/orh.art\/wp-content\/uploads\/2024\/10\/Logo-ORH-Roch-Robaglia.png","width":500,"height":500,"caption":"ORH - Roch Robaglia"},"image":{"@id":"https:\/\/orh.art\/#\/schema\/logo\/image\/"}}]}},"_links":{"self":[{"href":"https:\/\/orh.art\/en\/wp-json\/wp\/v2\/pages\/257","targetHints":{"allow":["GET"]}}],"collection":[{"href":"https:\/\/orh.art\/en\/wp-json\/wp\/v2\/pages"}],"about":[{"href":"https:\/\/orh.art\/en\/wp-json\/wp\/v2\/types\/page"}],"author":[{"embeddable":true,"href":"https:\/\/orh.art\/en\/wp-json\/wp\/v2\/users\/2"}],"replies":[{"embeddable":true,"href":"https:\/\/orh.art\/en\/wp-json\/wp\/v2\/comments?post=257"}],"version-history":[{"count":6,"href":"https:\/\/orh.art\/en\/wp-json\/wp\/v2\/pages\/257\/revisions"}],"predecessor-version":[{"id":1574,"href":"https:\/\/orh.art\/en\/wp-json\/wp\/v2\/pages\/257\/revisions\/1574"}],"wp:featuredmedia":[{"embeddable":true,"href":"https:\/\/orh.art\/en\/wp-json\/wp\/v2\/media\/273"}],"wp:attachment":[{"href":"https:\/\/orh.art\/en\/wp-json\/wp\/v2\/media?parent=257"}],"curies":[{"name":"wp","href":"https:\/\/api.w.org\/{rel}","templated":true}]}}