{"id":219,"date":"2025-01-15T15:13:29","date_gmt":"2025-01-15T14:13:29","guid":{"rendered":"https:\/\/orh.art\/?page_id=219"},"modified":"2025-06-04T13:23:45","modified_gmt":"2025-06-04T11:23:45","slug":"anima","status":"publish","type":"page","link":"https:\/\/orh.art\/en\/anima\/","title":{"rendered":"Anima"},"content":{"rendered":"<div data-elementor-type=\"wp-page\" data-elementor-id=\"219\" class=\"elementor elementor-219\">\n\t\t\t\t<div class=\"elementor-element elementor-element-eabc471 e-con-full e-flex e-con e-parent\" data-id=\"eabc471\" data-element_type=\"container\">\n\t\t<div class=\"elementor-element elementor-element-f2c1540 e-con-full e-flex e-con e-child\" data-id=\"f2c1540\" data-element_type=\"container\" data-settings=\"{&quot;background_background&quot;:&quot;classic&quot;}\">\n\t\t\t\t<\/div>\n\t\t\t\t<\/div>\n\t\t<div class=\"elementor-element elementor-element-926bd7a e-con-full e-flex e-con e-parent\" data-id=\"926bd7a\" data-element_type=\"container\">\n\t\t<div class=\"elementor-element elementor-element-14a0b80 e-con-full e-flex e-con e-child\" data-id=\"14a0b80\" data-element_type=\"container\">\n\t\t\t\t<div class=\"elementor-element elementor-element-cdda9f8 elementor-widget elementor-widget-text-editor\" data-id=\"cdda9f8\" data-element_type=\"widget\" data-widget_type=\"text-editor.default\">\n\t\t\t\t<div class=\"elementor-widget-container\">\n\t\t\t\t\t\t\t<p>Anima<\/p>\t\t\t\t\t\t<\/div>\n\t\t\t\t<\/div>\n\t\t\t\t<\/div>\n\t\t<div class=\"elementor-element elementor-element-b4983d4 e-con-full e-flex e-con e-child\" data-id=\"b4983d4\" data-element_type=\"container\">\n\t\t\t\t<div class=\"elementor-element elementor-element-a7942bd elementor-widget elementor-widget-text-editor\" data-id=\"a7942bd\" data-element_type=\"widget\" data-widget_type=\"text-editor.default\">\n\t\t\t\t<div class=\"elementor-widget-container\">\n\t\t\t\t\t\t\t<p>In-situ installation | Place Albert Lissillour | 2022 | Guingamp<\/p>\t\t\t\t\t\t<\/div>\n\t\t\t\t<\/div>\n\t\t\t\t<div class=\"elementor-element elementor-element-d42df75 elementor-widget elementor-widget-text-editor\" data-id=\"d42df75\" data-element_type=\"widget\" data-widget_type=\"text-editor.default\">\n\t\t\t\t<div class=\"elementor-widget-container\">\n\t\t\t\t\t\t\t<p data-pm-slice=\"1 1 []\"><strong>ANIMA<\/strong> is a site-specific installation created for Place Albert Lissillour in Guingamp. This creation presents itself as a symphony of organic forms emerging from the ground, like levitating fluids, assembling to form a protean and mysterious forest.<\/p><p>It is a work composed of eight islands entirely covered in mosaic, the largest measuring 6 meters long and 3.8 meters high. This creation is the result of a collaboration between three artists: Aline Bison, Pierre Bueno and ORH (Roch Robaglia).<\/p>\t\t\t\t\t\t<\/div>\n\t\t\t\t<\/div>\n\t\t\t\t<\/div>\n\t\t\t\t<\/div>\n\t\t<div class=\"elementor-element elementor-element-be4dd3b e-con-full e-flex e-con e-parent\" data-id=\"be4dd3b\" data-element_type=\"container\">\n\t\t\t\t<div class=\"elementor-element elementor-element-195a4db elementor-arrows-position-inside elementor-pagination-position-outside elementor-widget elementor-widget-image-carousel\" data-id=\"195a4db\" data-element_type=\"widget\" data-settings=\"{&quot;slides_to_show&quot;:&quot;3&quot;,&quot;autoplay_speed&quot;:4000,&quot;navigation&quot;:&quot;both&quot;,&quot;autoplay&quot;:&quot;yes&quot;,&quot;pause_on_hover&quot;:&quot;yes&quot;,&quot;pause_on_interaction&quot;:&quot;yes&quot;,&quot;infinite&quot;:&quot;yes&quot;,&quot;speed&quot;:500,&quot;image_spacing_custom&quot;:{&quot;unit&quot;:&quot;px&quot;,&quot;size&quot;:20,&quot;sizes&quot;:[]},&quot;image_spacing_custom_tablet&quot;:{&quot;unit&quot;:&quot;px&quot;,&quot;size&quot;:&quot;&quot;,&quot;sizes&quot;:[]},&quot;image_spacing_custom_mobile&quot;:{&quot;unit&quot;:&quot;px&quot;,&quot;size&quot;:&quot;&quot;,&quot;sizes&quot;:[]}}\" data-widget_type=\"image-carousel.default\">\n\t\t\t\t<div class=\"elementor-widget-container\">\n\t\t\t\t\t<div class=\"elementor-image-carousel-wrapper swiper\" dir=\"ltr\">\n\t\t\t<div class=\"elementor-image-carousel swiper-wrapper\" aria-live=\"off\">\n\t\t\t\t\t\t\t\t<div class=\"swiper-slide\" role=\"group\" aria-roledescription=\"slide\" aria-label=\"1 of 11\"><a data-elementor-open-lightbox=\"yes\" data-elementor-lightbox-slideshow=\"195a4db\" data-elementor-lightbox-title=\"Anima - Installation In-situ \u00e0 Guingamp\" data-e-action-hash=\"#elementor-action%3Aaction%3Dlightbox%26settings%3DeyJpZCI6MTIwOSwidXJsIjoiaHR0cHM6XC9cL29yaC5hcnRcL3dwLWNvbnRlbnRcL3VwbG9hZHNcLzIwMjVcLzA1XC9PUkgtYXJ0LWluc3RhbGxhdGlvbi1pbi1zaXR1LWFuaW1hLXdhdGVyLmpwZyIsInNsaWRlc2hvdyI6IjE5NWE0ZGIifQ%3D%3D\" href=\"https:\/\/orh.art\/wp-content\/uploads\/2025\/05\/ORH-art-installation-in-situ-anima-water.jpg\"><figure class=\"swiper-slide-inner\"><img decoding=\"async\" class=\"swiper-slide-image\" src=\"https:\/\/orh.art\/wp-content\/uploads\/elementor\/thumbs\/ORH-art-installation-in-situ-anima-water-r67wd34wbpmggkhuhzv5zrvvwc5alqsb3bo6k5frug.jpg\" alt=\"\" \/><\/figure><\/a><\/div><div class=\"swiper-slide\" role=\"group\" aria-roledescription=\"slide\" aria-label=\"2 of 11\"><a data-elementor-open-lightbox=\"yes\" data-elementor-lightbox-slideshow=\"195a4db\" data-elementor-lightbox-title=\"Anima - Installation In-situ \u00e0 Guingamp\" data-e-action-hash=\"#elementor-action%3Aaction%3Dlightbox%26settings%3DeyJpZCI6MTIwOCwidXJsIjoiaHR0cHM6XC9cL29yaC5hcnRcL3dwLWNvbnRlbnRcL3VwbG9hZHNcLzIwMjVcLzA1XC9PUkgtYXJ0LWluc3RhbGxhdGlvbi1pbi1zaXR1LWFuaW1hLW1vemFpcXVlLmpwZyIsInNsaWRlc2hvdyI6IjE5NWE0ZGIifQ%3D%3D\" href=\"https:\/\/orh.art\/wp-content\/uploads\/2025\/05\/ORH-art-installation-in-situ-anima-mozaique.jpg\"><figure class=\"swiper-slide-inner\"><img decoding=\"async\" class=\"swiper-slide-image\" src=\"https:\/\/orh.art\/wp-content\/uploads\/elementor\/thumbs\/ORH-art-installation-in-situ-anima-mozaique-r67wd2724vl64yj7nhgjfa4fay9xe1okr70p2vh60o.jpg\" alt=\"\" \/><\/figure><\/a><\/div><div class=\"swiper-slide\" role=\"group\" aria-roledescription=\"slide\" aria-label=\"3 of 11\"><a data-elementor-open-lightbox=\"yes\" data-elementor-lightbox-slideshow=\"195a4db\" data-elementor-lightbox-title=\"Anima - Installation In-situ \u00e0 Guingamp\" data-e-action-hash=\"#elementor-action%3Aaction%3Dlightbox%26settings%3DeyJpZCI6MTIwNywidXJsIjoiaHR0cHM6XC9cL29yaC5hcnRcL3dwLWNvbnRlbnRcL3VwbG9hZHNcLzIwMjVcLzA1XC9PUkgtYXJ0LWluc3RhbGxhdGlvbi1pbi1zaXR1LWFuaW1hLUgyMC1lYXUuanBnIiwic2xpZGVzaG93IjoiMTk1YTRkYiJ9\" href=\"https:\/\/orh.art\/wp-content\/uploads\/2025\/05\/ORH-art-installation-in-situ-anima-H20-eau.jpg\"><figure class=\"swiper-slide-inner\"><img decoding=\"async\" class=\"swiper-slide-image\" src=\"https:\/\/orh.art\/wp-content\/uploads\/elementor\/thumbs\/ORH-art-installation-in-situ-anima-H20-eau-r67wd0bdr7ilhqlxygnaaali46j6ynh42xpq4bjyd4.jpg\" alt=\"\" \/><\/figure><\/a><\/div><div class=\"swiper-slide\" role=\"group\" aria-roledescription=\"slide\" aria-label=\"4 of 11\"><a data-elementor-open-lightbox=\"yes\" data-elementor-lightbox-slideshow=\"195a4db\" data-elementor-lightbox-title=\"Anima - Installation In-situ \u00e0 Guingamp\" data-e-action-hash=\"#elementor-action%3Aaction%3Dlightbox%26settings%3DeyJpZCI6MTIwNiwidXJsIjoiaHR0cHM6XC9cL29yaC5hcnRcL3dwLWNvbnRlbnRcL3VwbG9hZHNcLzIwMjVcLzA1XC9PUkgtYXJ0LWluc3RhbGxhdGlvbi1pbi1zaXR1LWFuaW1hLUgyTy5qcGciLCJzbGlkZXNob3ciOiIxOTVhNGRiIn0%3D\" href=\"https:\/\/orh.art\/wp-content\/uploads\/2025\/05\/ORH-art-installation-in-situ-anima-H2O.jpg\"><figure class=\"swiper-slide-inner\"><img decoding=\"async\" class=\"swiper-slide-image\" src=\"https:\/\/orh.art\/wp-content\/uploads\/elementor\/thumbs\/ORH-art-installation-in-situ-anima-H2O-r67wcyfpdjg0uioo9fu15b2kxesgj99neoer5rmqpk.jpg\" alt=\"\" \/><\/figure><\/a><\/div><div class=\"swiper-slide\" role=\"group\" aria-roledescription=\"slide\" aria-label=\"5 out of 11\"><a data-elementor-open-lightbox=\"yes\" data-elementor-lightbox-slideshow=\"195a4db\" data-elementor-lightbox-title=\"Anima - Installation In-situ \u00e0 Guingamp\" data-e-action-hash=\"#elementor-action%3Aaction%3Dlightbox%26settings%3DeyJpZCI6MTIwNSwidXJsIjoiaHR0cHM6XC9cL29yaC5hcnRcL3dwLWNvbnRlbnRcL3VwbG9hZHNcLzIwMjVcLzA1XC9PUkgtYXJ0LWluc3RhbGxhdGlvbi1pbi1zaXR1LWFuaW1hLWdvdXR0ZS5qcGciLCJzbGlkZXNob3ciOiIxOTVhNGRiIn0%3D\" href=\"https:\/\/orh.art\/wp-content\/uploads\/2025\/05\/ORH-art-installation-in-situ-anima-goutte.jpg\"><figure class=\"swiper-slide-inner\"><img decoding=\"async\" class=\"swiper-slide-image\" src=\"https:\/\/orh.art\/wp-content\/uploads\/elementor\/thumbs\/ORH-art-installation-in-situ-anima-goutte-r67wcwk0zvdg7arekf0s0bjnqn1q3v26qf3s77pj20.jpg\" alt=\"\" \/><\/figure><\/a><\/div><div class=\"swiper-slide\" role=\"group\" aria-roledescription=\"slide\" aria-label=\"6 of 11\"><a data-elementor-open-lightbox=\"yes\" data-elementor-lightbox-slideshow=\"195a4db\" data-elementor-lightbox-title=\"Anima - Installation In-situ \u00e0 Guingamp\" data-e-action-hash=\"#elementor-action%3Aaction%3Dlightbox%26settings%3DeyJpZCI6MTIwNCwidXJsIjoiaHR0cHM6XC9cL29yaC5hcnRcL3dwLWNvbnRlbnRcL3VwbG9hZHNcLzIwMjVcLzA1XC9PUkgtYXJ0LWluc3RhbGxhdGlvbi1pbi1zaXR1LWFuaW1hLWdhcmRpZW4uanBnIiwic2xpZGVzaG93IjoiMTk1YTRkYiJ9\" href=\"https:\/\/orh.art\/wp-content\/uploads\/2025\/05\/ORH-art-installation-in-situ-anima-gardien.jpg\"><figure class=\"swiper-slide-inner\"><img decoding=\"async\" class=\"swiper-slide-image\" src=\"https:\/\/orh.art\/wp-content\/uploads\/elementor\/thumbs\/ORH-art-installation-in-situ-anima-gardien-r67wcvm6t1c5vosrpwm5fts7596cw5ygeagapxqx88.jpg\" alt=\"\" \/><\/figure><\/a><\/div><div class=\"swiper-slide\" role=\"group\" aria-roledescription=\"slide\" aria-label=\"7 of 11\"><a data-elementor-open-lightbox=\"yes\" data-elementor-lightbox-slideshow=\"195a4db\" data-elementor-lightbox-title=\"Anima - Installation In-situ \u00e0 Guingamp\" data-e-action-hash=\"#elementor-action%3Aaction%3Dlightbox%26settings%3DeyJpZCI6MTIwMywidXJsIjoiaHR0cHM6XC9cL29yaC5hcnRcL3dwLWNvbnRlbnRcL3VwbG9hZHNcLzIwMjVcLzA1XC9PUkgtYXJ0LWluc3RhbGxhdGlvbi1pbi1zaXR1LWFuaW1hLWZ1bGwuanBnIiwic2xpZGVzaG93IjoiMTk1YTRkYiJ9\" href=\"https:\/\/orh.art\/wp-content\/uploads\/2025\/05\/ORH-art-installation-in-situ-anima-full.jpg\"><figure class=\"swiper-slide-inner\"><img decoding=\"async\" class=\"swiper-slide-image\" src=\"https:\/\/orh.art\/wp-content\/uploads\/elementor\/thumbs\/ORH-art-installation-in-situ-anima-full-r67wctqifd9l8gvi0vswau99yhfmgrqzq15brdtpko.jpg\" alt=\"\" \/><\/figure><\/a><\/div><div class=\"swiper-slide\" role=\"group\" aria-roledescription=\"slide\" aria-label=\"8 out of 11\"><a data-elementor-open-lightbox=\"yes\" data-elementor-lightbox-slideshow=\"195a4db\" data-elementor-lightbox-title=\"Anima - Installation In-situ \u00e0 Guingamp\" data-e-action-hash=\"#elementor-action%3Aaction%3Dlightbox%26settings%3DeyJpZCI6MTIwMiwidXJsIjoiaHR0cHM6XC9cL29yaC5hcnRcL3dwLWNvbnRlbnRcL3VwbG9hZHNcLzIwMjVcLzA1XC9PUkgtYXJ0LWluc3RhbGxhdGlvbi1pbi1zaXR1LWFuaW1hLWZseS5qcGciLCJzbGlkZXNob3ciOiIxOTVhNGRiIn0%3D\" href=\"https:\/\/orh.art\/wp-content\/uploads\/2025\/05\/ORH-art-installation-in-situ-anima-fly.jpg\"><figure class=\"swiper-slide-inner\"><img decoding=\"async\" class=\"swiper-slide-image\" src=\"https:\/\/orh.art\/wp-content\/uploads\/elementor\/thumbs\/ORH-art-installation-in-situ-anima-fly-r67wcruu1p70l8y8buzn5uqcrpow1djj1rucstwhx4.jpg\" alt=\"\" \/><\/figure><\/a><\/div><div class=\"swiper-slide\" role=\"group\" aria-roledescription=\"slide\" aria-label=\"9 out of 11\"><a data-elementor-open-lightbox=\"yes\" data-elementor-lightbox-slideshow=\"195a4db\" data-elementor-lightbox-title=\"Anima - Installation In-situ \u00e0 Guingamp\" data-e-action-hash=\"#elementor-action%3Aaction%3Dlightbox%26settings%3DeyJpZCI6MTIwMSwidXJsIjoiaHR0cHM6XC9cL29yaC5hcnRcL3dwLWNvbnRlbnRcL3VwbG9hZHNcLzIwMjVcLzA1XC9PUkgtYXJ0LWluc3RhbGxhdGlvbi1pbi1zaXR1LWFuaW1hLWVudGVyLmpwZyIsInNsaWRlc2hvdyI6IjE5NWE0ZGIifQ%3D%3D\" href=\"https:\/\/orh.art\/wp-content\/uploads\/2025\/05\/ORH-art-installation-in-situ-anima-enter.jpg\"><figure class=\"swiper-slide-inner\"><img decoding=\"async\" class=\"swiper-slide-image\" src=\"https:\/\/orh.art\/wp-content\/uploads\/elementor\/thumbs\/ORH-art-installation-in-situ-anima-enter-r67wcqwzuv5q9mzlhcl0lcyw6btitofspn6vbjxw3c.jpg\" alt=\"\" \/><\/figure><\/a><\/div><div class=\"swiper-slide\" role=\"group\" aria-roledescription=\"slide\" aria-label=\"10 out of 11\"><a data-elementor-open-lightbox=\"yes\" data-elementor-lightbox-slideshow=\"195a4db\" data-elementor-lightbox-title=\"Anima - Installation In-situ \u00e0 Guingamp\" data-e-action-hash=\"#elementor-action%3Aaction%3Dlightbox%26settings%3DeyJpZCI6MTIwMCwidXJsIjoiaHR0cHM6XC9cL29yaC5hcnRcL3dwLWNvbnRlbnRcL3VwbG9hZHNcLzIwMjVcLzA1XC9PUkgtYXJ0LWluc3RhbGxhdGlvbi1pbi1zaXR1LWFuaW1hLWFuaW1hLmpwZyIsInNsaWRlc2hvdyI6IjE5NWE0ZGIifQ%3D%3D\" href=\"https:\/\/orh.art\/wp-content\/uploads\/2025\/05\/ORH-art-installation-in-situ-anima-anima.jpg\"><figure class=\"swiper-slide-inner\"><img decoding=\"async\" class=\"swiper-slide-image\" src=\"https:\/\/orh.art\/wp-content\/uploads\/elementor\/thumbs\/ORH-art-installation-in-situ-anima-anima-r67wco3had1vat3oxtd4vvoie67f6l4lp98evq22m0.jpg\" alt=\"\" \/><\/figure><\/a><\/div><div class=\"swiper-slide\" role=\"group\" aria-roledescription=\"slide\" aria-label=\"11 of 11\"><a data-elementor-open-lightbox=\"yes\" data-elementor-lightbox-slideshow=\"195a4db\" data-elementor-lightbox-title=\"Anima - Installation In-situ \u00e0 Guingamp\" data-e-action-hash=\"#elementor-action%3Aaction%3Dlightbox%26settings%3DeyJpZCI6MjMzLCJ1cmwiOiJodHRwczpcL1wvb3JoLmFydFwvd3AtY29udGVudFwvdXBsb2Fkc1wvMjAyNVwvMDFcL09SSC1Sb2NoLVJPQkFHTElBLWFydC1pbnN0YWxsYXRpb24tQW5pbWEtNi5qcGciLCJzbGlkZXNob3ciOiIxOTVhNGRiIn0%3D\" href=\"https:\/\/orh.art\/wp-content\/uploads\/2025\/01\/ORH-Roch-ROBAGLIA-art-installation-Anima-6.jpg\"><figure class=\"swiper-slide-inner\"><img decoding=\"async\" class=\"swiper-slide-image\" src=\"https:\/\/orh.art\/wp-content\/uploads\/elementor\/thumbs\/ORH-Roch-ROBAGLIA-art-installation-Anima-6-r01pfy5dgaj7yy46apk0d9ja1hy1rc0z40oycqae2g.jpg\" alt=\"\" \/><\/figure><\/a><\/div>\t\t\t<\/div>\n\t\t\t\t\t\t\t\t\t\t\t\t<div class=\"elementor-swiper-button elementor-swiper-button-prev\" role=\"button\" tabindex=\"0\">\n\t\t\t\t\t\t<svg aria-hidden=\"true\" class=\"e-font-icon-svg e-eicon-chevron-left\" viewbox=\"0 0 1000 1000\" xmlns=\"http:\/\/www.w3.org\/2000\/svg\"><path d=\"M646 125C629 125 613 133 604 142L308 442C296 454 292 471 292 487 292 504 296 521 308 533L604 854C617 867 629 875 646 875 663 875 679 871 692 858 704 846 713 829 713 812 713 796 708 779 692 767L438 487 692 225C700 217 708 204 708 187 708 171 704 154 692 142 675 129 663 125 646 125Z\"><\/path><\/svg>\t\t\t\t\t<\/div>\n\t\t\t\t\t<div class=\"elementor-swiper-button elementor-swiper-button-next\" role=\"button\" tabindex=\"0\">\n\t\t\t\t\t\t<svg aria-hidden=\"true\" class=\"e-font-icon-svg e-eicon-chevron-right\" viewbox=\"0 0 1000 1000\" xmlns=\"http:\/\/www.w3.org\/2000\/svg\"><path d=\"M696 533C708 521 713 504 713 487 713 471 708 454 696 446L400 146C388 133 375 125 354 125 338 125 325 129 313 142 300 154 292 171 292 187 292 204 296 221 308 233L563 492 304 771C292 783 288 800 288 817 288 833 296 850 308 863 321 871 338 875 354 875 371 875 388 867 400 854L696 533Z\"><\/path><\/svg>\t\t\t\t\t<\/div>\n\t\t\t\t\n\t\t\t\t\t\t\t\t\t<div class=\"swiper-pagination\"><\/div>\n\t\t\t\t\t\t\t\t\t<\/div>\n\t\t\t\t<\/div>\n\t\t\t\t<\/div>\n\t\t\t\t<\/div>\n\t\t<div class=\"elementor-element elementor-element-7e7adf5 e-flex e-con-boxed e-con e-parent\" data-id=\"7e7adf5\" data-element_type=\"container\">\n\t\t\t\t\t<div class=\"e-con-inner\">\n\t\t\t\t<div class=\"elementor-element elementor-element-b32271d elementor-align-center elementor-widget elementor-widget-button\" data-id=\"b32271d\" data-element_type=\"widget\" data-widget_type=\"button.default\">\n\t\t\t\t<div class=\"elementor-widget-container\">\n\t\t\t\t\t<div class=\"elementor-button-wrapper\">\n\t\t\t<a class=\"elementor-button elementor-button-link elementor-size-sm elementor-animation-shrink\" href=\"https:\/\/orh.art\/en\/oeuvres\/\">\n\t\t\t\t\t\t<span class=\"elementor-button-content-wrapper\">\n\t\t\t\t\t\t<span class=\"elementor-button-icon\">\n\t\t\t\t<i aria-hidden=\"true\" class=\"icon icon-chevron-left\"><\/i>\t\t\t<\/span>\n\t\t\t\t\t\t\t\t\t<span class=\"elementor-button-text\">Works<\/span>\n\t\t\t\t\t<\/span>\n\t\t\t\t\t<\/a>\n\t\t<\/div>\n\t\t\t\t<\/div>\n\t\t\t\t<\/div>\n\t\t\t\t\t<\/div>\n\t\t\t\t<\/div>\n\t\t\t\t<\/div>","protected":false},"excerpt":{"rendered":"<p>Anima Site-Specific Installation | Place Albert Lissillour | 2022 | Guingamp ANIMA is a site-specific installation designed for Place Albert Lissillour in Guingamp. This creation presents itself as a symphony of organic forms emerging from the ground, like levitating fluids, assembling to form a protean and mysterious forest. It is a work [\u2026]<\/p>","protected":false},"author":2,"featured_media":1207,"parent":0,"menu_order":0,"comment_status":"closed","ping_status":"closed","template":"elementor_header_footer","meta":{"footnotes":""},"class_list":["post-219","page","type-page","status-publish","has-post-thumbnail","hentry"],"yoast_head":"<!-- This site is optimized with the Yoast SEO plugin v25.2 - https:\/\/yoast.com\/wordpress\/plugins\/seo\/ -->\n<title>Anima - ORH - Roch Robaglia<\/title>\n<meta name=\"description\" content=\"D\u00e9couvrez ANIMA une installation in situ imagin\u00e9e pour la place Albert Lissillour \u00e0 Guingamp.\" \/>\n<meta name=\"robots\" content=\"index, follow, max-snippet:-1, max-image-preview:large, max-video-preview:-1\" \/>\n<link rel=\"canonical\" href=\"https:\/\/orh.art\/en\/anima\/\" \/>\n<meta property=\"og:locale\" content=\"en_GB\" \/>\n<meta property=\"og:type\" content=\"article\" \/>\n<meta property=\"og:title\" content=\"Anima - ORH - Roch Robaglia\" \/>\n<meta property=\"og:description\" content=\"D\u00e9couvrez ANIMA une installation in situ imagin\u00e9e pour la place Albert Lissillour \u00e0 Guingamp.\" \/>\n<meta property=\"og:url\" content=\"https:\/\/orh.art\/en\/anima\/\" \/>\n<meta property=\"og:site_name\" content=\"ORH - Roch Robaglia\" \/>\n<meta property=\"article:modified_time\" content=\"2025-06-04T11:23:45+00:00\" \/>\n<meta property=\"og:image\" content=\"https:\/\/orh.art\/wp-content\/uploads\/2025\/05\/ORH-art-installation-in-situ-anima-H20-eau.jpg\" \/>\n\t<meta property=\"og:image:width\" content=\"1750\" \/>\n\t<meta property=\"og:image:height\" content=\"1312\" \/>\n\t<meta property=\"og:image:type\" content=\"image\/jpeg\" \/>\n<meta name=\"twitter:card\" content=\"summary_large_image\" \/>\n<meta name=\"twitter:label1\" content=\"Estimated reading time\" \/>\n\t<meta name=\"twitter:data1\" content=\"3 minutes\" \/>\n<script type=\"application\/ld+json\" class=\"yoast-schema-graph\">{\"@context\":\"https:\/\/schema.org\",\"@graph\":[{\"@type\":\"WebPage\",\"@id\":\"https:\/\/orh.art\/anima\/\",\"url\":\"https:\/\/orh.art\/anima\/\",\"name\":\"Anima - ORH - Roch Robaglia\",\"isPartOf\":{\"@id\":\"https:\/\/orh.art\/#website\"},\"primaryImageOfPage\":{\"@id\":\"https:\/\/orh.art\/anima\/#primaryimage\"},\"image\":{\"@id\":\"https:\/\/orh.art\/anima\/#primaryimage\"},\"thumbnailUrl\":\"https:\/\/orh.art\/wp-content\/uploads\/2025\/05\/ORH-art-installation-in-situ-anima-H20-eau.jpg\",\"datePublished\":\"2025-01-15T14:13:29+00:00\",\"dateModified\":\"2025-06-04T11:23:45+00:00\",\"description\":\"D\u00e9couvrez ANIMA une installation in situ imagin\u00e9e pour la place Albert Lissillour \u00e0 Guingamp.\",\"breadcrumb\":{\"@id\":\"https:\/\/orh.art\/anima\/#breadcrumb\"},\"inLanguage\":\"en-GB\",\"potentialAction\":[{\"@type\":\"ReadAction\",\"target\":[\"https:\/\/orh.art\/anima\/\"]}]},{\"@type\":\"ImageObject\",\"inLanguage\":\"en-GB\",\"@id\":\"https:\/\/orh.art\/anima\/#primaryimage\",\"url\":\"https:\/\/orh.art\/wp-content\/uploads\/2025\/05\/ORH-art-installation-in-situ-anima-H20-eau.jpg\",\"contentUrl\":\"https:\/\/orh.art\/wp-content\/uploads\/2025\/05\/ORH-art-installation-in-situ-anima-H20-eau.jpg\",\"width\":1750,\"height\":1312},{\"@type\":\"BreadcrumbList\",\"@id\":\"https:\/\/orh.art\/anima\/#breadcrumb\",\"itemListElement\":[{\"@type\":\"ListItem\",\"position\":1,\"name\":\"Accueil\",\"item\":\"https:\/\/orh.art\/\"},{\"@type\":\"ListItem\",\"position\":2,\"name\":\"Anima\"}]},{\"@type\":\"WebSite\",\"@id\":\"https:\/\/orh.art\/#website\",\"url\":\"https:\/\/orh.art\/\",\"name\":\"ORH - Roch Robaglia\",\"description\":\"Artiste plasticien bas\u00e9 \u00e0 Chamb\u00e9ry, Savoie\",\"publisher\":{\"@id\":\"https:\/\/orh.art\/#organization\"},\"potentialAction\":[{\"@type\":\"SearchAction\",\"target\":{\"@type\":\"EntryPoint\",\"urlTemplate\":\"https:\/\/orh.art\/?s={search_term_string}\"},\"query-input\":{\"@type\":\"PropertyValueSpecification\",\"valueRequired\":true,\"valueName\":\"search_term_string\"}}],\"inLanguage\":\"en-GB\"},{\"@type\":\"Organization\",\"@id\":\"https:\/\/orh.art\/#organization\",\"name\":\"ORH - Roch Robaglia\",\"url\":\"https:\/\/orh.art\/\",\"logo\":{\"@type\":\"ImageObject\",\"inLanguage\":\"en-GB\",\"@id\":\"https:\/\/orh.art\/#\/schema\/logo\/image\/\",\"url\":\"https:\/\/orh.art\/wp-content\/uploads\/2024\/10\/Logo-ORH-Roch-Robaglia.png\",\"contentUrl\":\"https:\/\/orh.art\/wp-content\/uploads\/2024\/10\/Logo-ORH-Roch-Robaglia.png\",\"width\":500,\"height\":500,\"caption\":\"ORH - Roch Robaglia\"},\"image\":{\"@id\":\"https:\/\/orh.art\/#\/schema\/logo\/image\/\"}}]}<\/script>\n<!-- \/ Yoast SEO plugin. -->","yoast_head_json":{"title":"Anima - ORH - Roch Robaglia","description":"D\u00e9couvrez ANIMA une installation in situ imagin\u00e9e pour la place Albert Lissillour \u00e0 Guingamp.","robots":{"index":"index","follow":"follow","max-snippet":"max-snippet:-1","max-image-preview":"max-image-preview:large","max-video-preview":"max-video-preview:-1"},"canonical":"https:\/\/orh.art\/en\/anima\/","og_locale":"en_GB","og_type":"article","og_title":"Anima - ORH - Roch Robaglia","og_description":"D\u00e9couvrez ANIMA une installation in situ imagin\u00e9e pour la place Albert Lissillour \u00e0 Guingamp.","og_url":"https:\/\/orh.art\/en\/anima\/","og_site_name":"ORH - Roch Robaglia","article_modified_time":"2025-06-04T11:23:45+00:00","og_image":[{"width":1750,"height":1312,"url":"https:\/\/orh.art\/wp-content\/uploads\/2025\/05\/ORH-art-installation-in-situ-anima-H20-eau.jpg","type":"image\/jpeg"}],"twitter_card":"summary_large_image","twitter_misc":{"Estimated reading time":"3 minutes"},"schema":{"@context":"https:\/\/schema.org","@graph":[{"@type":"WebPage","@id":"https:\/\/orh.art\/anima\/","url":"https:\/\/orh.art\/anima\/","name":"Anima - ORH - Roch Robaglia","isPartOf":{"@id":"https:\/\/orh.art\/#website"},"primaryImageOfPage":{"@id":"https:\/\/orh.art\/anima\/#primaryimage"},"image":{"@id":"https:\/\/orh.art\/anima\/#primaryimage"},"thumbnailUrl":"https:\/\/orh.art\/wp-content\/uploads\/2025\/05\/ORH-art-installation-in-situ-anima-H20-eau.jpg","datePublished":"2025-01-15T14:13:29+00:00","dateModified":"2025-06-04T11:23:45+00:00","description":"D\u00e9couvrez ANIMA une installation in situ imagin\u00e9e pour la place Albert Lissillour \u00e0 Guingamp.","breadcrumb":{"@id":"https:\/\/orh.art\/anima\/#breadcrumb"},"inLanguage":"en-GB","potentialAction":[{"@type":"ReadAction","target":["https:\/\/orh.art\/anima\/"]}]},{"@type":"ImageObject","inLanguage":"en-GB","@id":"https:\/\/orh.art\/anima\/#primaryimage","url":"https:\/\/orh.art\/wp-content\/uploads\/2025\/05\/ORH-art-installation-in-situ-anima-H20-eau.jpg","contentUrl":"https:\/\/orh.art\/wp-content\/uploads\/2025\/05\/ORH-art-installation-in-situ-anima-H20-eau.jpg","width":1750,"height":1312},{"@type":"BreadcrumbList","@id":"https:\/\/orh.art\/anima\/#breadcrumb","itemListElement":[{"@type":"ListItem","position":1,"name":"Accueil","item":"https:\/\/orh.art\/"},{"@type":"ListItem","position":2,"name":"Anima"}]},{"@type":"WebSite","@id":"https:\/\/orh.art\/#website","url":"https:\/\/orh.art\/","name":"ORH - Roch Robaglia","description":"Artiste plasticien bas\u00e9 \u00e0 Chamb\u00e9ry, Savoie","publisher":{"@id":"https:\/\/orh.art\/#organization"},"potentialAction":[{"@type":"SearchAction","target":{"@type":"EntryPoint","urlTemplate":"https:\/\/orh.art\/?s={search_term_string}"},"query-input":{"@type":"PropertyValueSpecification","valueRequired":true,"valueName":"search_term_string"}}],"inLanguage":"en-GB"},{"@type":"Organization","@id":"https:\/\/orh.art\/#organization","name":"ORH - Roch Robaglia","url":"https:\/\/orh.art\/","logo":{"@type":"ImageObject","inLanguage":"en-GB","@id":"https:\/\/orh.art\/#\/schema\/logo\/image\/","url":"https:\/\/orh.art\/wp-content\/uploads\/2024\/10\/Logo-ORH-Roch-Robaglia.png","contentUrl":"https:\/\/orh.art\/wp-content\/uploads\/2024\/10\/Logo-ORH-Roch-Robaglia.png","width":500,"height":500,"caption":"ORH - Roch Robaglia"},"image":{"@id":"https:\/\/orh.art\/#\/schema\/logo\/image\/"}}]}},"_links":{"self":[{"href":"https:\/\/orh.art\/en\/wp-json\/wp\/v2\/pages\/219","targetHints":{"allow":["GET"]}}],"collection":[{"href":"https:\/\/orh.art\/en\/wp-json\/wp\/v2\/pages"}],"about":[{"href":"https:\/\/orh.art\/en\/wp-json\/wp\/v2\/types\/page"}],"author":[{"embeddable":true,"href":"https:\/\/orh.art\/en\/wp-json\/wp\/v2\/users\/2"}],"replies":[{"embeddable":true,"href":"https:\/\/orh.art\/en\/wp-json\/wp\/v2\/comments?post=219"}],"version-history":[{"count":9,"href":"https:\/\/orh.art\/en\/wp-json\/wp\/v2\/pages\/219\/revisions"}],"predecessor-version":[{"id":1584,"href":"https:\/\/orh.art\/en\/wp-json\/wp\/v2\/pages\/219\/revisions\/1584"}],"wp:featuredmedia":[{"embeddable":true,"href":"https:\/\/orh.art\/en\/wp-json\/wp\/v2\/media\/1207"}],"wp:attachment":[{"href":"https:\/\/orh.art\/en\/wp-json\/wp\/v2\/media?parent=219"}],"curies":[{"name":"wp","href":"https:\/\/api.w.org\/{rel}","templated":true}]}}