{"id":16,"date":"2024-10-22T17:11:00","date_gmt":"2024-10-22T15:11:00","guid":{"rendered":"https:\/\/orh.art\/?page_id=16"},"modified":"2026-04-01T13:15:05","modified_gmt":"2026-04-01T11:15:05","slug":"accueil-2","status":"publish","type":"page","link":"https:\/\/orh.art\/en\/","title":{"rendered":"Welcome"},"content":{"rendered":"<div data-elementor-type=\"wp-page\" data-elementor-id=\"16\" class=\"elementor elementor-16\">\n\t\t\t\t<div class=\"elementor-element elementor-element-910494c e-con-full e-flex e-con e-parent\" data-id=\"910494c\" data-element_type=\"container\" data-settings=\"{&quot;background_background&quot;:&quot;slideshow&quot;,&quot;background_slideshow_gallery&quot;:[{&quot;id&quot;:28,&quot;url&quot;:&quot;https:\\\/\\\/orh.art\\\/wp-content\\\/uploads\\\/2024\\\/10\\\/ORH-Roch-ROBAGLIA-art-installation-Glace-.jpg&quot;},{&quot;id&quot;:230,&quot;url&quot;:&quot;https:\\\/\\\/orh.art\\\/wp-content\\\/uploads\\\/2025\\\/01\\\/ORH-Roch-ROBAGLIA-art-installation-Anima-2-1.jpg&quot;},{&quot;id&quot;:273,&quot;url&quot;:&quot;https:\\\/\\\/orh.art\\\/wp-content\\\/uploads\\\/2025\\\/01\\\/ORH-Roch-ROBAGLIA-art-installation-Foire-de-Savoie-5.jpg&quot;}],&quot;background_slideshow_transition_duration&quot;:600,&quot;background_slideshow_loop&quot;:&quot;yes&quot;,&quot;background_slideshow_slide_duration&quot;:5000,&quot;background_slideshow_slide_transition&quot;:&quot;fade&quot;}\">\n\t\t<div class=\"elementor-element elementor-element-0b09f76 e-flex e-con-boxed e-con e-child\" data-id=\"0b09f76\" data-element_type=\"container\">\n\t\t\t\t\t<div class=\"e-con-inner\">\n\t\t\t\t<div class=\"elementor-element elementor-element-9c05454 animated-slow elementor-widget elementor-widget-text-editor\" data-id=\"9c05454\" data-element_type=\"widget\" data-settings=\"{&quot;_animation&quot;:&quot;none&quot;}\" data-widget_type=\"text-editor.default\">\n\t\t\t\t<div class=\"elementor-widget-container\">\n\t\t\t\t\t\t\t<p>Roch ROBAGLIA<\/p>\t\t\t\t\t\t<\/div>\n\t\t\t\t<\/div>\n\t\t<div class=\"elementor-element elementor-element-f435dde e-con-full e-flex e-con e-child\" data-id=\"f435dde\" data-element_type=\"container\">\n\t\t\t\t<div class=\"elementor-element elementor-element-3630b23 elementor-align-center elementor-invisible elementor-widget elementor-widget-button\" data-id=\"3630b23\" data-element_type=\"widget\" data-settings=\"{&quot;_animation&quot;:&quot;fadeIn&quot;}\" data-widget_type=\"button.default\">\n\t\t\t\t<div class=\"elementor-widget-container\">\n\t\t\t\t\t<div class=\"elementor-button-wrapper\">\n\t\t\t<a class=\"elementor-button elementor-button-link elementor-size-sm elementor-animation-shrink\" href=\"https:\/\/orh.art\/en\/accueil\/\">\n\t\t\t\t\t\t<span class=\"elementor-button-content-wrapper\">\n\t\t\t\t\t\t\t\t\t<span class=\"elementor-button-text\">French<\/span>\n\t\t\t\t\t<\/span>\n\t\t\t\t\t<\/a>\n\t\t<\/div>\n\t\t\t\t<\/div>\n\t\t\t\t<\/div>\n\t\t\t\t<div class=\"elementor-element elementor-element-44d86a1 elementor-align-center elementor-invisible elementor-widget elementor-widget-button\" data-id=\"44d86a1\" data-element_type=\"widget\" data-settings=\"{&quot;_animation&quot;:&quot;fadeIn&quot;}\" data-widget_type=\"button.default\">\n\t\t\t\t<div class=\"elementor-widget-container\">\n\t\t\t\t\t<div class=\"elementor-button-wrapper\">\n\t\t\t<a class=\"elementor-button elementor-button-link elementor-size-sm elementor-animation-shrink\" href=\"https:\/\/orh.art\/en\/accueil\/\">\n\t\t\t\t\t\t<span class=\"elementor-button-content-wrapper\">\n\t\t\t\t\t\t\t\t\t<span class=\"elementor-button-text\">English<\/span>\n\t\t\t\t\t<\/span>\n\t\t\t\t\t<\/a>\n\t\t<\/div>\n\t\t\t\t<\/div>\n\t\t\t\t<\/div>\n\t\t\t\t<\/div>\n\t\t\t\t\t<\/div>\n\t\t\t\t<\/div>\n\t\t\t\t<\/div>\n\t\t\t\t<\/div>","protected":false},"excerpt":{"rendered":"<p>Roch ROBAGLIA French English<\/p>","protected":false},"author":1,"featured_media":230,"parent":0,"menu_order":0,"comment_status":"closed","ping_status":"closed","template":"elementor_canvas","meta":{"footnotes":""},"class_list":["post-16","page","type-page","status-publish","has-post-thumbnail","hentry"],"yoast_head":"<!-- This site is optimized with the Yoast SEO plugin v25.2 - https:\/\/yoast.com\/wordpress\/plugins\/seo\/ -->\n<title>Accueil - ORH - Roch Robaglia<\/title>\n<meta name=\"robots\" content=\"index, follow, max-snippet:-1, max-image-preview:large, max-video-preview:-1\" \/>\n<link rel=\"canonical\" href=\"https:\/\/orh.art\/en\/\" \/>\n<meta property=\"og:locale\" content=\"en_GB\" \/>\n<meta property=\"og:type\" content=\"article\" \/>\n<meta property=\"og:title\" content=\"Accueil - ORH - Roch Robaglia\" \/>\n<meta property=\"og:description\" content=\"Roch ROBAGLIA Fran\u00e7ais English\" \/>\n<meta property=\"og:url\" content=\"https:\/\/orh.art\/en\/\" \/>\n<meta property=\"og:site_name\" content=\"ORH - Roch Robaglia\" \/>\n<meta property=\"article:modified_time\" content=\"2026-04-01T11:15:05+00:00\" \/>\n<meta property=\"og:image\" content=\"https:\/\/orh.art\/wp-content\/uploads\/2025\/01\/ORH-Roch-ROBAGLIA-art-installation-Anima-2-1.jpg\" \/>\n\t<meta property=\"og:image:width\" content=\"1200\" \/>\n\t<meta property=\"og:image:height\" content=\"904\" \/>\n\t<meta property=\"og:image:type\" content=\"image\/jpeg\" \/>\n<meta name=\"twitter:card\" content=\"summary_large_image\" \/>\n<meta name=\"twitter:label1\" content=\"Estimated reading time\" \/>\n\t<meta name=\"twitter:data1\" content=\"1 minute\" \/>\n<script type=\"application\/ld+json\" class=\"yoast-schema-graph\">{\"@context\":\"https:\/\/schema.org\",\"@graph\":[{\"@type\":\"WebPage\",\"@id\":\"https:\/\/orh.art\/\",\"url\":\"https:\/\/orh.art\/\",\"name\":\"Accueil - ORH - Roch Robaglia\",\"isPartOf\":{\"@id\":\"https:\/\/orh.art\/#website\"},\"primaryImageOfPage\":{\"@id\":\"https:\/\/orh.art\/#primaryimage\"},\"image\":{\"@id\":\"https:\/\/orh.art\/#primaryimage\"},\"thumbnailUrl\":\"https:\/\/orh.art\/wp-content\/uploads\/2025\/01\/ORH-Roch-ROBAGLIA-art-installation-Anima-2-1.jpg\",\"datePublished\":\"2024-10-22T15:11:00+00:00\",\"dateModified\":\"2026-04-01T11:15:05+00:00\",\"breadcrumb\":{\"@id\":\"https:\/\/orh.art\/#breadcrumb\"},\"inLanguage\":\"en-GB\",\"potentialAction\":[{\"@type\":\"ReadAction\",\"target\":[\"https:\/\/orh.art\/\"]}]},{\"@type\":\"ImageObject\",\"inLanguage\":\"en-GB\",\"@id\":\"https:\/\/orh.art\/#primaryimage\",\"url\":\"https:\/\/orh.art\/wp-content\/uploads\/2025\/01\/ORH-Roch-ROBAGLIA-art-installation-Anima-2-1.jpg\",\"contentUrl\":\"https:\/\/orh.art\/wp-content\/uploads\/2025\/01\/ORH-Roch-ROBAGLIA-art-installation-Anima-2-1.jpg\",\"width\":1200,\"height\":904},{\"@type\":\"BreadcrumbList\",\"@id\":\"https:\/\/orh.art\/#breadcrumb\",\"itemListElement\":[{\"@type\":\"ListItem\",\"position\":1,\"name\":\"Accueil\",\"item\":\"https:\/\/orh.art\/\"},{\"@type\":\"ListItem\",\"position\":2,\"name\":\"Accueil\"}]},{\"@type\":\"WebSite\",\"@id\":\"https:\/\/orh.art\/#website\",\"url\":\"https:\/\/orh.art\/\",\"name\":\"ORH - Roch Robaglia\",\"description\":\"Artiste plasticien bas\u00e9 \u00e0 Chamb\u00e9ry, Savoie\",\"publisher\":{\"@id\":\"https:\/\/orh.art\/#organization\"},\"potentialAction\":[{\"@type\":\"SearchAction\",\"target\":{\"@type\":\"EntryPoint\",\"urlTemplate\":\"https:\/\/orh.art\/?s={search_term_string}\"},\"query-input\":{\"@type\":\"PropertyValueSpecification\",\"valueRequired\":true,\"valueName\":\"search_term_string\"}}],\"inLanguage\":\"en-GB\"},{\"@type\":\"Organization\",\"@id\":\"https:\/\/orh.art\/#organization\",\"name\":\"ORH - Roch Robaglia\",\"url\":\"https:\/\/orh.art\/\",\"logo\":{\"@type\":\"ImageObject\",\"inLanguage\":\"en-GB\",\"@id\":\"https:\/\/orh.art\/#\/schema\/logo\/image\/\",\"url\":\"https:\/\/orh.art\/wp-content\/uploads\/2024\/10\/Logo-ORH-Roch-Robaglia.png\",\"contentUrl\":\"https:\/\/orh.art\/wp-content\/uploads\/2024\/10\/Logo-ORH-Roch-Robaglia.png\",\"width\":500,\"height\":500,\"caption\":\"ORH - Roch Robaglia\"},\"image\":{\"@id\":\"https:\/\/orh.art\/#\/schema\/logo\/image\/\"}}]}<\/script>\n<!-- \/ Yoast SEO plugin. -->","yoast_head_json":{"title":"Accueil - ORH - Roch Robaglia","robots":{"index":"index","follow":"follow","max-snippet":"max-snippet:-1","max-image-preview":"max-image-preview:large","max-video-preview":"max-video-preview:-1"},"canonical":"https:\/\/orh.art\/en\/","og_locale":"en_GB","og_type":"article","og_title":"Accueil - ORH - Roch Robaglia","og_description":"Roch ROBAGLIA Fran\u00e7ais English","og_url":"https:\/\/orh.art\/en\/","og_site_name":"ORH - Roch Robaglia","article_modified_time":"2026-04-01T11:15:05+00:00","og_image":[{"width":1200,"height":904,"url":"https:\/\/orh.art\/wp-content\/uploads\/2025\/01\/ORH-Roch-ROBAGLIA-art-installation-Anima-2-1.jpg","type":"image\/jpeg"}],"twitter_card":"summary_large_image","twitter_misc":{"Estimated reading time":"1 minute"},"schema":{"@context":"https:\/\/schema.org","@graph":[{"@type":"WebPage","@id":"https:\/\/orh.art\/","url":"https:\/\/orh.art\/","name":"Accueil - ORH - Roch Robaglia","isPartOf":{"@id":"https:\/\/orh.art\/#website"},"primaryImageOfPage":{"@id":"https:\/\/orh.art\/#primaryimage"},"image":{"@id":"https:\/\/orh.art\/#primaryimage"},"thumbnailUrl":"https:\/\/orh.art\/wp-content\/uploads\/2025\/01\/ORH-Roch-ROBAGLIA-art-installation-Anima-2-1.jpg","datePublished":"2024-10-22T15:11:00+00:00","dateModified":"2026-04-01T11:15:05+00:00","breadcrumb":{"@id":"https:\/\/orh.art\/#breadcrumb"},"inLanguage":"en-GB","potentialAction":[{"@type":"ReadAction","target":["https:\/\/orh.art\/"]}]},{"@type":"ImageObject","inLanguage":"en-GB","@id":"https:\/\/orh.art\/#primaryimage","url":"https:\/\/orh.art\/wp-content\/uploads\/2025\/01\/ORH-Roch-ROBAGLIA-art-installation-Anima-2-1.jpg","contentUrl":"https:\/\/orh.art\/wp-content\/uploads\/2025\/01\/ORH-Roch-ROBAGLIA-art-installation-Anima-2-1.jpg","width":1200,"height":904},{"@type":"BreadcrumbList","@id":"https:\/\/orh.art\/#breadcrumb","itemListElement":[{"@type":"ListItem","position":1,"name":"Accueil","item":"https:\/\/orh.art\/"},{"@type":"ListItem","position":2,"name":"Accueil"}]},{"@type":"WebSite","@id":"https:\/\/orh.art\/#website","url":"https:\/\/orh.art\/","name":"ORH - Roch Robaglia","description":"Artiste plasticien bas\u00e9 \u00e0 Chamb\u00e9ry, Savoie","publisher":{"@id":"https:\/\/orh.art\/#organization"},"potentialAction":[{"@type":"SearchAction","target":{"@type":"EntryPoint","urlTemplate":"https:\/\/orh.art\/?s={search_term_string}"},"query-input":{"@type":"PropertyValueSpecification","valueRequired":true,"valueName":"search_term_string"}}],"inLanguage":"en-GB"},{"@type":"Organization","@id":"https:\/\/orh.art\/#organization","name":"ORH - Roch Robaglia","url":"https:\/\/orh.art\/","logo":{"@type":"ImageObject","inLanguage":"en-GB","@id":"https:\/\/orh.art\/#\/schema\/logo\/image\/","url":"https:\/\/orh.art\/wp-content\/uploads\/2024\/10\/Logo-ORH-Roch-Robaglia.png","contentUrl":"https:\/\/orh.art\/wp-content\/uploads\/2024\/10\/Logo-ORH-Roch-Robaglia.png","width":500,"height":500,"caption":"ORH - Roch Robaglia"},"image":{"@id":"https:\/\/orh.art\/#\/schema\/logo\/image\/"}}]}},"_links":{"self":[{"href":"https:\/\/orh.art\/en\/wp-json\/wp\/v2\/pages\/16","targetHints":{"allow":["GET"]}}],"collection":[{"href":"https:\/\/orh.art\/en\/wp-json\/wp\/v2\/pages"}],"about":[{"href":"https:\/\/orh.art\/en\/wp-json\/wp\/v2\/types\/page"}],"author":[{"embeddable":true,"href":"https:\/\/orh.art\/en\/wp-json\/wp\/v2\/users\/1"}],"replies":[{"embeddable":true,"href":"https:\/\/orh.art\/en\/wp-json\/wp\/v2\/comments?post=16"}],"version-history":[{"count":6,"href":"https:\/\/orh.art\/en\/wp-json\/wp\/v2\/pages\/16\/revisions"}],"predecessor-version":[{"id":1615,"href":"https:\/\/orh.art\/en\/wp-json\/wp\/v2\/pages\/16\/revisions\/1615"}],"wp:featuredmedia":[{"embeddable":true,"href":"https:\/\/orh.art\/en\/wp-json\/wp\/v2\/media\/230"}],"wp:attachment":[{"href":"https:\/\/orh.art\/en\/wp-json\/wp\/v2\/media?parent=16"}],"curies":[{"name":"wp","href":"https:\/\/api.w.org\/{rel}","templated":true}]}}