{"id":101,"date":"2024-11-13T15:44:05","date_gmt":"2024-11-13T14:44:05","guid":{"rendered":"https:\/\/orh.art\/?page_id=101"},"modified":"2025-06-04T12:01:43","modified_gmt":"2025-06-04T10:01:43","slug":"contact","status":"publish","type":"page","link":"https:\/\/orh.art\/en\/contact\/","title":{"rendered":"Contact"},"content":{"rendered":"<div data-elementor-type=\"wp-page\" data-elementor-id=\"101\" class=\"elementor elementor-101\">\n\t\t\t\t<div class=\"elementor-element elementor-element-f159e2f e-con-full e-flex e-con e-parent\" data-id=\"f159e2f\" data-element_type=\"container\">\n\t\t<div class=\"elementor-element elementor-element-88e0c4e e-con-full e-flex e-con e-child\" data-id=\"88e0c4e\" data-element_type=\"container\">\n\t\t\t\t<div class=\"elementor-element elementor-element-f4c10c9 elementor-widget elementor-widget-image\" data-id=\"f4c10c9\" data-element_type=\"widget\" data-widget_type=\"image.default\">\n\t\t\t\t<div class=\"elementor-widget-container\">\n\t\t\t\t\t\t\t\t\t\t\t\t\t<img fetchpriority=\"high\" decoding=\"async\" width=\"800\" height=\"800\" src=\"https:\/\/orh.art\/wp-content\/uploads\/2025\/01\/ORH-Roch-ROBAGLIA-art-installation-1024x1024.jpg\" class=\"attachment-large size-large wp-image-599\" alt=\"\" srcset=\"https:\/\/orh.art\/wp-content\/uploads\/2025\/01\/ORH-Roch-ROBAGLIA-art-installation-1024x1024.jpg 1024w, https:\/\/orh.art\/wp-content\/uploads\/2025\/01\/ORH-Roch-ROBAGLIA-art-installation-300x300.jpg 300w, https:\/\/orh.art\/wp-content\/uploads\/2025\/01\/ORH-Roch-ROBAGLIA-art-installation-150x150.jpg 150w, https:\/\/orh.art\/wp-content\/uploads\/2025\/01\/ORH-Roch-ROBAGLIA-art-installation-768x768.jpg 768w, https:\/\/orh.art\/wp-content\/uploads\/2025\/01\/ORH-Roch-ROBAGLIA-art-installation.jpg 1500w\" sizes=\"(max-width: 800px) 100vw, 800px\" \/>\t\t\t\t\t\t\t\t\t\t\t\t\t<\/div>\n\t\t\t\t<\/div>\n\t\t\t\t<\/div>\n\t\t<div class=\"elementor-element elementor-element-10c42b5 e-con-full e-flex e-con e-child\" data-id=\"10c42b5\" data-element_type=\"container\">\n\t\t\t\t<div class=\"elementor-element elementor-element-11f5185 elementor-widget elementor-widget-text-editor\" data-id=\"11f5185\" data-element_type=\"widget\" data-widget_type=\"text-editor.default\">\n\t\t\t\t<div class=\"elementor-widget-container\">\n\t\t\t\t\t\t\t<p>Contact<\/p>\t\t\t\t\t\t<\/div>\n\t\t\t\t<\/div>\n\t\t\t\t<div class=\"elementor-element elementor-element-910aa99 elementor-widget elementor-widget-text-editor\" data-id=\"910aa99\" data-element_type=\"widget\" data-widget_type=\"text-editor.default\">\n\t\t\t\t<div class=\"elementor-widget-container\">\n\t\t\t\t\t\t\t<div id=\"bgLayers_comp-lm6qooix\" class=\"MW5IWV\" data-hook=\"bgLayers\" data-motion-part=\"BG_LAYER\"><div id=\"bgMedia_comp-lm6qooix\" class=\"VgO9Yg\" data-motion-part=\"BG_MEDIA\"><strong>contact@orh.art<\/strong><\/div><\/div>\t\t\t\t\t\t<\/div>\n\t\t\t\t<\/div>\n\t\t\t\t<\/div>\n\t\t\t\t<\/div>\n\t\t\t\t<\/div>","protected":false},"excerpt":{"rendered":"<p>Contact contact@orh.art<\/p>","protected":false},"author":1,"featured_media":599,"parent":0,"menu_order":0,"comment_status":"closed","ping_status":"closed","template":"elementor_header_footer","meta":{"footnotes":""},"class_list":["post-101","page","type-page","status-publish","has-post-thumbnail","hentry"],"yoast_head":"<!-- This site is optimized with the Yoast SEO plugin v25.2 - https:\/\/yoast.com\/wordpress\/plugins\/seo\/ -->\n<title>Contact - ORH - Roch Robaglia<\/title>\n<meta name=\"description\" content=\"contact@orh.art - Artiste bas\u00e9 \u00e0 Chamb\u00e9ry, Roch Robaglia est passionn\u00e9 par les vibrations du vivant dans ses infinit\u00e9s.\" \/>\n<meta name=\"robots\" content=\"index, follow, max-snippet:-1, max-image-preview:large, max-video-preview:-1\" \/>\n<link rel=\"canonical\" href=\"https:\/\/orh.art\/en\/contact\/\" \/>\n<meta property=\"og:locale\" content=\"en_GB\" \/>\n<meta property=\"og:type\" content=\"article\" \/>\n<meta property=\"og:title\" content=\"Contact - ORH - Roch Robaglia\" \/>\n<meta property=\"og:description\" content=\"contact@orh.art - Artiste bas\u00e9 \u00e0 Chamb\u00e9ry, Roch Robaglia est passionn\u00e9 par les vibrations du vivant dans ses infinit\u00e9s.\" \/>\n<meta property=\"og:url\" content=\"https:\/\/orh.art\/en\/contact\/\" \/>\n<meta property=\"og:site_name\" content=\"ORH - Roch Robaglia\" \/>\n<meta property=\"article:modified_time\" content=\"2025-06-04T10:01:43+00:00\" \/>\n<meta property=\"og:image\" content=\"https:\/\/orh.art\/wp-content\/uploads\/2025\/01\/ORH-Roch-ROBAGLIA-art-installation.jpg\" \/>\n\t<meta property=\"og:image:width\" content=\"1500\" \/>\n\t<meta property=\"og:image:height\" content=\"1500\" \/>\n\t<meta property=\"og:image:type\" content=\"image\/jpeg\" \/>\n<meta name=\"twitter:card\" content=\"summary_large_image\" \/>\n<meta name=\"twitter:label1\" content=\"Estimated reading time\" \/>\n\t<meta name=\"twitter:data1\" content=\"1 minute\" \/>\n<script type=\"application\/ld+json\" class=\"yoast-schema-graph\">{\"@context\":\"https:\/\/schema.org\",\"@graph\":[{\"@type\":\"WebPage\",\"@id\":\"https:\/\/orh.art\/contact\/\",\"url\":\"https:\/\/orh.art\/contact\/\",\"name\":\"Contact - ORH - Roch Robaglia\",\"isPartOf\":{\"@id\":\"https:\/\/orh.art\/#website\"},\"primaryImageOfPage\":{\"@id\":\"https:\/\/orh.art\/contact\/#primaryimage\"},\"image\":{\"@id\":\"https:\/\/orh.art\/contact\/#primaryimage\"},\"thumbnailUrl\":\"https:\/\/orh.art\/wp-content\/uploads\/2025\/01\/ORH-Roch-ROBAGLIA-art-installation.jpg\",\"datePublished\":\"2024-11-13T14:44:05+00:00\",\"dateModified\":\"2025-06-04T10:01:43+00:00\",\"description\":\"contact@orh.art - Artiste bas\u00e9 \u00e0 Chamb\u00e9ry, Roch Robaglia est passionn\u00e9 par les vibrations du vivant dans ses infinit\u00e9s.\",\"breadcrumb\":{\"@id\":\"https:\/\/orh.art\/contact\/#breadcrumb\"},\"inLanguage\":\"en-GB\",\"potentialAction\":[{\"@type\":\"ReadAction\",\"target\":[\"https:\/\/orh.art\/contact\/\"]}]},{\"@type\":\"ImageObject\",\"inLanguage\":\"en-GB\",\"@id\":\"https:\/\/orh.art\/contact\/#primaryimage\",\"url\":\"https:\/\/orh.art\/wp-content\/uploads\/2025\/01\/ORH-Roch-ROBAGLIA-art-installation.jpg\",\"contentUrl\":\"https:\/\/orh.art\/wp-content\/uploads\/2025\/01\/ORH-Roch-ROBAGLIA-art-installation.jpg\",\"width\":1500,\"height\":1500},{\"@type\":\"BreadcrumbList\",\"@id\":\"https:\/\/orh.art\/contact\/#breadcrumb\",\"itemListElement\":[{\"@type\":\"ListItem\",\"position\":1,\"name\":\"Accueil\",\"item\":\"https:\/\/orh.art\/\"},{\"@type\":\"ListItem\",\"position\":2,\"name\":\"Contact\"}]},{\"@type\":\"WebSite\",\"@id\":\"https:\/\/orh.art\/#website\",\"url\":\"https:\/\/orh.art\/\",\"name\":\"ORH - Roch Robaglia\",\"description\":\"Artiste plasticien bas\u00e9 \u00e0 Chamb\u00e9ry, Savoie\",\"publisher\":{\"@id\":\"https:\/\/orh.art\/#organization\"},\"potentialAction\":[{\"@type\":\"SearchAction\",\"target\":{\"@type\":\"EntryPoint\",\"urlTemplate\":\"https:\/\/orh.art\/?s={search_term_string}\"},\"query-input\":{\"@type\":\"PropertyValueSpecification\",\"valueRequired\":true,\"valueName\":\"search_term_string\"}}],\"inLanguage\":\"en-GB\"},{\"@type\":\"Organization\",\"@id\":\"https:\/\/orh.art\/#organization\",\"name\":\"ORH - Roch Robaglia\",\"url\":\"https:\/\/orh.art\/\",\"logo\":{\"@type\":\"ImageObject\",\"inLanguage\":\"en-GB\",\"@id\":\"https:\/\/orh.art\/#\/schema\/logo\/image\/\",\"url\":\"https:\/\/orh.art\/wp-content\/uploads\/2024\/10\/Logo-ORH-Roch-Robaglia.png\",\"contentUrl\":\"https:\/\/orh.art\/wp-content\/uploads\/2024\/10\/Logo-ORH-Roch-Robaglia.png\",\"width\":500,\"height\":500,\"caption\":\"ORH - Roch Robaglia\"},\"image\":{\"@id\":\"https:\/\/orh.art\/#\/schema\/logo\/image\/\"}}]}<\/script>\n<!-- \/ Yoast SEO plugin. -->","yoast_head_json":{"title":"Contact - ORH - Roch Robaglia","description":"contact@orh.art - Artiste bas\u00e9 \u00e0 Chamb\u00e9ry, Roch Robaglia est passionn\u00e9 par les vibrations du vivant dans ses infinit\u00e9s.","robots":{"index":"index","follow":"follow","max-snippet":"max-snippet:-1","max-image-preview":"max-image-preview:large","max-video-preview":"max-video-preview:-1"},"canonical":"https:\/\/orh.art\/en\/contact\/","og_locale":"en_GB","og_type":"article","og_title":"Contact - ORH - Roch Robaglia","og_description":"contact@orh.art - Artiste bas\u00e9 \u00e0 Chamb\u00e9ry, Roch Robaglia est passionn\u00e9 par les vibrations du vivant dans ses infinit\u00e9s.","og_url":"https:\/\/orh.art\/en\/contact\/","og_site_name":"ORH - Roch Robaglia","article_modified_time":"2025-06-04T10:01:43+00:00","og_image":[{"width":1500,"height":1500,"url":"https:\/\/orh.art\/wp-content\/uploads\/2025\/01\/ORH-Roch-ROBAGLIA-art-installation.jpg","type":"image\/jpeg"}],"twitter_card":"summary_large_image","twitter_misc":{"Estimated reading time":"1 minute"},"schema":{"@context":"https:\/\/schema.org","@graph":[{"@type":"WebPage","@id":"https:\/\/orh.art\/contact\/","url":"https:\/\/orh.art\/contact\/","name":"Contact - ORH - Roch Robaglia","isPartOf":{"@id":"https:\/\/orh.art\/#website"},"primaryImageOfPage":{"@id":"https:\/\/orh.art\/contact\/#primaryimage"},"image":{"@id":"https:\/\/orh.art\/contact\/#primaryimage"},"thumbnailUrl":"https:\/\/orh.art\/wp-content\/uploads\/2025\/01\/ORH-Roch-ROBAGLIA-art-installation.jpg","datePublished":"2024-11-13T14:44:05+00:00","dateModified":"2025-06-04T10:01:43+00:00","description":"contact@orh.art - Artiste bas\u00e9 \u00e0 Chamb\u00e9ry, Roch Robaglia est passionn\u00e9 par les vibrations du vivant dans ses infinit\u00e9s.","breadcrumb":{"@id":"https:\/\/orh.art\/contact\/#breadcrumb"},"inLanguage":"en-GB","potentialAction":[{"@type":"ReadAction","target":["https:\/\/orh.art\/contact\/"]}]},{"@type":"ImageObject","inLanguage":"en-GB","@id":"https:\/\/orh.art\/contact\/#primaryimage","url":"https:\/\/orh.art\/wp-content\/uploads\/2025\/01\/ORH-Roch-ROBAGLIA-art-installation.jpg","contentUrl":"https:\/\/orh.art\/wp-content\/uploads\/2025\/01\/ORH-Roch-ROBAGLIA-art-installation.jpg","width":1500,"height":1500},{"@type":"BreadcrumbList","@id":"https:\/\/orh.art\/contact\/#breadcrumb","itemListElement":[{"@type":"ListItem","position":1,"name":"Accueil","item":"https:\/\/orh.art\/"},{"@type":"ListItem","position":2,"name":"Contact"}]},{"@type":"WebSite","@id":"https:\/\/orh.art\/#website","url":"https:\/\/orh.art\/","name":"ORH - Roch Robaglia","description":"Artiste plasticien bas\u00e9 \u00e0 Chamb\u00e9ry, Savoie","publisher":{"@id":"https:\/\/orh.art\/#organization"},"potentialAction":[{"@type":"SearchAction","target":{"@type":"EntryPoint","urlTemplate":"https:\/\/orh.art\/?s={search_term_string}"},"query-input":{"@type":"PropertyValueSpecification","valueRequired":true,"valueName":"search_term_string"}}],"inLanguage":"en-GB"},{"@type":"Organization","@id":"https:\/\/orh.art\/#organization","name":"ORH - Roch Robaglia","url":"https:\/\/orh.art\/","logo":{"@type":"ImageObject","inLanguage":"en-GB","@id":"https:\/\/orh.art\/#\/schema\/logo\/image\/","url":"https:\/\/orh.art\/wp-content\/uploads\/2024\/10\/Logo-ORH-Roch-Robaglia.png","contentUrl":"https:\/\/orh.art\/wp-content\/uploads\/2024\/10\/Logo-ORH-Roch-Robaglia.png","width":500,"height":500,"caption":"ORH - Roch Robaglia"},"image":{"@id":"https:\/\/orh.art\/#\/schema\/logo\/image\/"}}]}},"_links":{"self":[{"href":"https:\/\/orh.art\/en\/wp-json\/wp\/v2\/pages\/101","targetHints":{"allow":["GET"]}}],"collection":[{"href":"https:\/\/orh.art\/en\/wp-json\/wp\/v2\/pages"}],"about":[{"href":"https:\/\/orh.art\/en\/wp-json\/wp\/v2\/types\/page"}],"author":[{"embeddable":true,"href":"https:\/\/orh.art\/en\/wp-json\/wp\/v2\/users\/1"}],"replies":[{"embeddable":true,"href":"https:\/\/orh.art\/en\/wp-json\/wp\/v2\/comments?post=101"}],"version-history":[{"count":0,"href":"https:\/\/orh.art\/en\/wp-json\/wp\/v2\/pages\/101\/revisions"}],"wp:featuredmedia":[{"embeddable":true,"href":"https:\/\/orh.art\/en\/wp-json\/wp\/v2\/media\/599"}],"wp:attachment":[{"href":"https:\/\/orh.art\/en\/wp-json\/wp\/v2\/media?parent=101"}],"curies":[{"name":"wp","href":"https:\/\/api.w.org\/{rel}","templated":true}]}}